{"id":4144,"date":"2024-03-21T16:50:56","date_gmt":"2024-03-21T15:50:56","guid":{"rendered":"https:\/\/www.bedandbreakfastsauerland.com\/das-sind-wir\/route\/"},"modified":"2024-07-17T17:00:01","modified_gmt":"2024-07-17T15:00:01","slug":"route","status":"publish","type":"page","link":"https:\/\/www.bedandbreakfastsauerland.com\/de\/das-sind-wir\/route\/","title":{"rendered":"Route"},"content":{"rendered":"<p><div id='av_section_1'  class='avia-section av-5dudib-d0b3fe41ac1291d60491d37cd5afd197 main_color avia-section-default avia-no-border-styling  avia-builder-el-0  el_before_av_google_map  avia-builder-el-first  avia-bg-style-scroll container_wrap sidebar_right'  ><div class='container av-section-cont-open' ><main  role=\"main\" itemprop=\"mainContentOfPage\"  class='template-page content  av-content-small alpha units'><div class='post-entry post-entry-type-page post-entry-4144'><div class='entry-content-wrapper clearfix'>\n<div  class='flex_column av-4wpb03-cd307be0d3ccd290553e56124164f20b av_two_third  avia-builder-el-1  el_before_av_one_third  avia-builder-el-first  first flex_column_div  '     ><section  class='av_textblock_section av-lu6xfrgu-c8907aeebffa3db525ed9626dd5e5393 '   itemscope=\"itemscope\" itemtype=\"https:\/\/schema.org\/CreativeWork\" ><div class='avia_textblock'  itemprop=\"text\" ><h3>GPS code:<\/h3>\n<p>Latitude, Longitude\u00a0\u00a0\u00a0 51.228298,\u00a0\u00a0\u00a0 8.560701<\/p>\n<p>N 51\u00b0\u00a0\u00a0 13.6979\u00b4<\/p>\n<p>E 008\u00b0 \u00a033.6421\u00b4<\/p>\n<h3><strong>Das Navigationssystem<\/strong><\/h3>\n<p>Bitte beachten Sie, dass Sie Gr\u00f6nebach in Nordrheinwestfalen (NRW) nehmen.<\/p>\n<h3><strong>Mit dem Zug<\/strong><\/h3>\n<p>Nehmen Sie den Zug nach Olsberg (Nordrheinwestfalen) und fahren Sie von dort mit dem Bus S30 nach Gr\u00f6nebach. Der Bus f\u00e4hrt st\u00fcndlich vom Bahnhof nach Gr\u00f6nebach.<\/p>\n<p>In Gr\u00f6nebach befindet sich die Bushaltestelle schr\u00e4g gegen\u00fcber dem Bed &amp; Breakfast Isidorus.<\/p>\n<h3><strong>Mit dem Auto<\/strong><\/h3>\n<p>Mit der untenstehenden Karte k\u00f6nnen Sie die Route zu unserem Bed &amp; Breakfast bestimmen. Klicken Sie dazu auf \u201eRoute\u201c und geben Sie dann Ihre eigene Adresse, Stadt und Land ein.<\/p>\n<h3><strong>Google Maps Navigation<\/strong><\/h3>\n<p>Mit der untenstehenden Schaltfl\u00e4che k\u00f6nnen Sie sofort mit Google Maps navigieren.<\/p>\n<\/div><\/section><br \/>\n<div  class='avia-button-wrap av-lu6xh1i8-a92998d2ed135c2d57e664aaa54a788f-wrap avia-button-left  avia-builder-el-3  el_after_av_textblock  avia-builder-el-last '><a href='https:\/\/www.google.com\/maps\/dir\/\/K%C3%BCstelberger+Str.+5,+59955+Winterberg,+Duitsland\/@51.2281674,8.5596099,18.29z\/data=!4m9!4m8!1m0!1m5!1m1!1s0x47bb92394c5fac81:0xe3129cba33b27cd0!2m2!1d8.5607754!2d51.2284496!3e0?entry=ttu'  class='avia-button av-lu6xh1i8-a92998d2ed135c2d57e664aaa54a788f av-link-btn avia-icon_select-yes-left-icon avia-size-large avia-position-left avia-color-theme-color'  ><span class='avia_button_icon avia_button_icon_left' aria-hidden='true' data-av_icon='\ue842' data-av_iconfont='entypo-fontello'><\/span><span class='avia_iconbox_title' >Route<\/span><\/a><\/div><\/p><\/div><div  class='flex_column av-28dl1f-e2453920e22e9854570a5f6e61512ec2 av_one_third  avia-builder-el-4  el_after_av_two_third  avia-builder-el-last  flex_column_div  '     ><style type=\"text\/css\" data-created_by=\"avia_inline_auto\" id=\"style-css-av-lu6xf2rf-2fa1755a7a7883b590ff0dc1f859abf3\">\n.avia-image-container.av-lu6xf2rf-2fa1755a7a7883b590ff0dc1f859abf3 img.avia_image{\nbox-shadow:none;\n}\n.avia-image-container.av-lu6xf2rf-2fa1755a7a7883b590ff0dc1f859abf3 .av-image-caption-overlay-center{\ncolor:#ffffff;\n}\n<\/style>\n<div  class='avia-image-container av-lu6xf2rf-2fa1755a7a7883b590ff0dc1f859abf3 av-styling- avia-align-center  avia-builder-el-5  avia-builder-el-no-sibling '   itemprop=\"image\" itemscope=\"itemscope\" itemtype=\"https:\/\/schema.org\/ImageObject\" ><div class=\"avia-image-container-inner\"><div class=\"avia-image-overlay-wrap\"><img decoding=\"async\" fetchpriority=\"high\" class='wp-image-3223 avia-img-lazy-loading-not-3223 avia_image ' src=\"https:\/\/www.bedandbreakfastsauerland.com\/wp-content\/uploads\/2024\/03\/kaart-duitsland-gronebach-1.svg\" alt='' title='kaart-duitsland-gronebach'   itemprop=\"thumbnailUrl\"  \/><\/div><\/div><\/div><\/div>\n<div  class='av_gmaps_sc_main_wrap av_gmaps_main_wrap '><div id='av_gmap_0' class='avia-google-map-container avia-google-map-sc av_gmaps_show_unconditionally av-no-fallback-img ' data-mapid='av_gmap_0'  style='height: 600px;'><a class=\"av_gmaps_browser_disabled av_text_confirm_link av_text_confirm_link_visible\" href=\"https:\/\/www.google.com\/maps\/search\/?api=1&#038;query=Kustelbergerstrasse%205%2059955%20Winterberg%20-%20Gr\u00f6nebach%20%20Duitsland\" target=\"_blank\" rel=\"noopener\">Aufgrund deiner Datenschutz-Einstellungen k\u00f6nnen wir Ihnen die Karte nicht anzeigen. Klicken Sie hier, um die Karte in einem neuen Fenster zu \u00f6ffnen.<\/a><\/div><\/div><\/p>\n","protected":false},"excerpt":{"rendered":"","protected":false},"author":1,"featured_media":0,"parent":4117,"menu_order":0,"comment_status":"closed","ping_status":"closed","template":"","meta":{"_acf_changed":false,"footnotes":""},"class_list":["post-4144","page","type-page","status-publish","hentry"],"acf":[],"_links":{"self":[{"href":"https:\/\/www.bedandbreakfastsauerland.com\/de\/wp-json\/wp\/v2\/pages\/4144","targetHints":{"allow":["GET"]}}],"collection":[{"href":"https:\/\/www.bedandbreakfastsauerland.com\/de\/wp-json\/wp\/v2\/pages"}],"about":[{"href":"https:\/\/www.bedandbreakfastsauerland.com\/de\/wp-json\/wp\/v2\/types\/page"}],"author":[{"embeddable":true,"href":"https:\/\/www.bedandbreakfastsauerland.com\/de\/wp-json\/wp\/v2\/users\/1"}],"replies":[{"embeddable":true,"href":"https:\/\/www.bedandbreakfastsauerland.com\/de\/wp-json\/wp\/v2\/comments?post=4144"}],"version-history":[{"count":0,"href":"https:\/\/www.bedandbreakfastsauerland.com\/de\/wp-json\/wp\/v2\/pages\/4144\/revisions"}],"up":[{"embeddable":true,"href":"https:\/\/www.bedandbreakfastsauerland.com\/de\/wp-json\/wp\/v2\/pages\/4117"}],"wp:attachment":[{"href":"https:\/\/www.bedandbreakfastsauerland.com\/de\/wp-json\/wp\/v2\/media?parent=4144"}],"curies":[{"name":"wp","href":"https:\/\/api.w.org\/{rel}","templated":true}]}}