{"id":4141,"date":"2024-03-21T12:34:08","date_gmt":"2024-03-21T11:34:08","guid":{"rendered":"https:\/\/www.bedandbreakfastsauerland.com\/das-kleine-schnitzelhaus\/"},"modified":"2024-07-23T12:54:42","modified_gmt":"2024-07-23T10:54:42","slug":"das-kleine-schnitzelhaus","status":"publish","type":"page","link":"https:\/\/www.bedandbreakfastsauerland.com\/de\/das-kleine-schnitzelhaus\/","title":{"rendered":"Das kleine Schnitzelhaus"},"content":{"rendered":"\n<style type=\"text\/css\" data-created_by=\"avia_inline_auto\" id=\"style-css-av-4dn06i-261657aa57e0f5ebe773f3f68bf5462c\">\n.avia-section.av-4dn06i-261657aa57e0f5ebe773f3f68bf5462c{\nbackground-repeat:no-repeat;\nbackground-image:url(https:\/\/www.bedandbreakfastsauerland.com\/wp-content\/uploads\/2024\/03\/wood-scaled.jpg);\nbackground-position:0% 0%;\nbackground-attachment:scroll;\n}\n<\/style>\n<div id='av_section_1'  class='avia-section av-4dn06i-261657aa57e0f5ebe773f3f68bf5462c main_color avia-section-default avia-no-border-styling  avia-builder-el-0  el_before_av_section  avia-builder-el-first  vdlp-header avia-full-stretch avia-bg-style-scroll container_wrap sidebar_right'  data-section-bg-repeat='stretch'><div class='container av-section-cont-open' ><main  role=\"main\" itemprop=\"mainContentOfPage\"  class='template-page content  av-content-small alpha units'><div class='post-entry post-entry-type-page post-entry-4141'><div class='entry-content-wrapper clearfix'>\n<div  class='flex_column av-15m6luy-e31fdd72b6714b4d2df4c9baebb0e827 av_one_full  avia-builder-el-1  avia-builder-el-no-sibling  first flex_column_div  '     ><style type=\"text\/css\" data-created_by=\"avia_inline_auto\" id=\"style-css-av-14uqql6-01af30480b94dd87e8c8dd5118724915\">\n#top .av-special-heading.av-14uqql6-01af30480b94dd87e8c8dd5118724915{\npadding-bottom:10px;\n}\nbody .av-special-heading.av-14uqql6-01af30480b94dd87e8c8dd5118724915 .av-special-heading-tag .heading-char{\nfont-size:25px;\n}\n.av-special-heading.av-14uqql6-01af30480b94dd87e8c8dd5118724915 .av-subheading{\nfont-size:15px;\n}\n<\/style>\n<div  class='av-special-heading av-14uqql6-01af30480b94dd87e8c8dd5118724915 av-special-heading-h1 blockquote modern-quote modern-centered  avia-builder-el-2  avia-builder-el-no-sibling '><h1 class='av-special-heading-tag'  itemprop=\"headline\"  >Das kleine Schnitzelhaus<\/h1><div class=\"special-heading-border\"><div class=\"special-heading-inner-border\"><\/div><\/div><\/div><\/div>\n\n<\/div><\/div><\/main><!-- close content main element --><\/div><\/div><div id='av_section_2'  class='avia-section av-5k3n1m-870083aef6480e3bf137bed035032717 main_color avia-section-default avia-no-border-styling  avia-builder-el-3  el_after_av_section  el_before_av_section  vdlp-center avia-bg-style-scroll container_wrap sidebar_right'  ><div class='container av-section-cont-open' ><div class='template-page content  av-content-small alpha units'><div class='post-entry post-entry-type-page post-entry-4141'><div class='entry-content-wrapper clearfix'>\n<div  class='flex_column av-ch0rcq-b2b42763ca96d0891db716e0e1a2e856 av_one_full  avia-builder-el-4  avia-builder-el-no-sibling  first flex_column_div  '     ><section  class='av_textblock_section av-13gv98q-c11989cbd5b630f4e13a3a975d894267 '   itemscope=\"itemscope\" itemtype=\"https:\/\/schema.org\/CreativeWork\" ><div class='avia_textblock vdlp-intro'  itemprop=\"text\" ><p style=\"text-align: center;\">Unsere \u00d6ffnungszeiten sind:<\/p>\n<p style=\"text-align: center;\"><strong>Freitag und Samstag ist die K\u00fcche von 18:00 bis 20:00 Uhr ge\u00f6ffnet. (Andere Tage nach Reservierung)<\/strong><\/p>\n<p style=\"text-align: center;\">Wir bieten eine leckere Auswahl an Schnitzeln und Hamburgern. Bei uns werden nur frische Produkte und hausgemachte Saucen verwendet.<\/p>\n<\/div><\/section><\/div>\n\n<p><\/div><\/div><\/div><!-- close content main div --><\/div><\/div><div id='av_section_3'  class='avia-section av-a8o3ju-40ebfade87b8eb32e49dc47a4b08f3f7 main_color avia-section-default avia-no-border-styling  avia-builder-el-6  el_after_av_section  el_before_av_section  vdlp-center avia-bg-style-scroll container_wrap sidebar_right'  ><div class='container av-section-cont-open' ><div class='template-page content  av-content-small alpha units'><div class='post-entry post-entry-type-page post-entry-4141'><div class='entry-content-wrapper clearfix'>\n<div class='flex_column_table av-8jlvqy-5fbab607ee47c179902f60e5263e89aa sc-av_one_half av-equal-height-column-flextable'><div  class='flex_column av-8jlvqy-5fbab607ee47c179902f60e5263e89aa av_one_half  avia-builder-el-7  el_before_av_one_half  avia-builder-el-first  first flex_column_table_cell av-equal-height-column av-align-middle  '     ><style type=\"text\/css\" data-created_by=\"avia_inline_auto\" id=\"style-css-av-20ksze-1751a5f1aadda3be07641c2e31ae482f\">\n.avia-image-container.av-20ksze-1751a5f1aadda3be07641c2e31ae482f img.avia_image{\nbox-shadow:none;\n}\n.avia-image-container.av-20ksze-1751a5f1aadda3be07641c2e31ae482f .av-image-caption-overlay-center{\ncolor:#ffffff;\n}\n<\/style>\n<div  class='avia-image-container av-20ksze-1751a5f1aadda3be07641c2e31ae482f av-styling- avia-align-center  avia-builder-el-8  avia-builder-el-no-sibling '   itemprop=\"image\" itemscope=\"itemscope\" itemtype=\"https:\/\/schema.org\/ImageObject\" ><div class=\"avia-image-container-inner\"><div class=\"avia-image-overlay-wrap\"><img decoding=\"async\" fetchpriority=\"high\" class='wp-image-4323 avia-img-lazy-loading-not-4323 avia_image ' src=\"https:\/\/www.bedandbreakfastsauerland.com\/wp-content\/uploads\/2024\/07\/Bild_2024-05-30_155304667.png\" alt='' title='Bild_2024-05-30_155304667'  height=\"510\" width=\"680\"  itemprop=\"thumbnailUrl\" srcset=\"https:\/\/www.bedandbreakfastsauerland.com\/wp-content\/uploads\/2024\/07\/Bild_2024-05-30_155304667.png 680w, https:\/\/www.bedandbreakfastsauerland.com\/wp-content\/uploads\/2024\/07\/Bild_2024-05-30_155304667-300x225.png 300w\" sizes=\"(max-width: 680px) 100vw, 680px\" \/><\/div><\/div><\/div><\/div><div class='av-flex-placeholder'><\/div><div  class='flex_column av-2bvbe-ea13cfb077760771e1eca6c3be29f49d av_one_half  avia-builder-el-9  el_after_av_one_half  avia-builder-el-last  flex_column_table_cell av-equal-height-column av-align-middle  '     ><p>\n<style type=\"text\/css\" data-created_by=\"avia_inline_auto\" id=\"style-css-av-3w7fl6-2df51e35a3ef026a5d6c54977d750af5\">\n#top .av-special-heading.av-3w7fl6-2df51e35a3ef026a5d6c54977d750af5{\npadding-bottom:10px;\n}\nbody .av-special-heading.av-3w7fl6-2df51e35a3ef026a5d6c54977d750af5 .av-special-heading-tag .heading-char{\nfont-size:25px;\n}\n.av-special-heading.av-3w7fl6-2df51e35a3ef026a5d6c54977d750af5 .av-subheading{\nfont-size:15px;\n}\n<\/style>\n<div  class='av-special-heading av-3w7fl6-2df51e35a3ef026a5d6c54977d750af5 av-special-heading-h3 blockquote modern-quote  avia-builder-el-10  el_before_av_textblock  avia-builder-el-first '><h3 class='av-special-heading-tag'  itemprop=\"headline\"  >Schnitzel<\/h3><div class=\"special-heading-border\"><div class=\"special-heading-inner-border\"><\/div><\/div><\/div><br \/>\n\n<style type=\"text\/css\" data-created_by=\"avia_inline_auto\" id=\"style-css-av-2uwmje-86948add2b6f119e02dc0d88f9b5e398\">\n#top .av_textblock_section.av-2uwmje-86948add2b6f119e02dc0d88f9b5e398 .avia_textblock{\ncolor:#7b7368;\n}\n<\/style>\n<section  class='av_textblock_section av-2uwmje-86948add2b6f119e02dc0d88f9b5e398 '   itemscope=\"itemscope\" itemtype=\"https:\/\/schema.org\/CreativeWork\" ><div class='avia_textblock av_inherit_color'  itemprop=\"text\" ><p><strong>Hollandia\u00a0 \u00a0 \u00a0 \u00a0 \u00a0 \u00a0 \u00a0 \u00a0 \u00a0 \u00a0 \u00a0 \u00a0 \u00a0 \u00a0 \u00a0<\/strong>mit Kochschinken, Spargel, Sauce Hollandaise und K\u00e4se \u00fcberbacken<\/p>\n<p><strong>Gr\u00f6nebacher J\u00e4ger\u00a0<\/strong>\u00a0 \u00a0 \u00a0 \u00a0 \u00a0 \u00a0mit Hausgemachter J\u00e4gersauce<\/p>\n<p><strong>Asien *\u00a0 \u00a0 \u00a0 \u00a0 \u00a0 \u00a0 \u00a0 \u00a0 \u00a0 \u00a0 \u00a0 \u00a0 \u00a0 \u00a0 \u00a0 \u00a0 \u00a0 <\/strong>mit Erdnuss-sauce und Rostzwiebeln<\/p>\n<p><strong>Italien *\u00a0 \u00a0 \u00a0 \u00a0 \u00a0 \u00a0 \u00a0 \u00a0 \u00a0 \u00a0 \u00a0 \u00a0 \u00a0 \u00a0 \u00a0 \u00a0 <\/strong>mit Gorgonzola K\u00e4se \u00fcberbacken<\/p>\n<p><strong>Hawaii\u00a0 \u00a0 \u00a0 \u00a0 \u00a0 \u00a0 \u00a0 \u00a0 \u00a0 \u00a0 \u00a0 \u00a0 \u00a0 \u00a0 \u00a0 \u00a0 \u00a0 <\/strong>mit Kochschinken, Ananas und K\u00e4se \u00fcberbacken<\/p>\n<p><strong>Tiroler\u00a0 \u00a0 \u00a0 \u00a0 \u00a0 \u00a0 \u00a0 \u00a0 \u00a0 \u00a0 \u00a0 \u00a0 \u00a0 \u00a0 \u00a0 \u00a0 \u00a0 <\/strong>mit Schwarzw\u00e4lder Schinken und Spiegelei<\/p>\n<p><strong>Ohne *\u00a0 \u00a0 \u00a0 \u00a0 \u00a0 \u00a0 \u00a0 \u00a0 \u00a0 \u00a0 \u00a0 \u00a0 \u00a0 \u00a0 \u00a0 \u00a0 \u00a0<\/strong>nur Schnitzel<\/p>\n<p>Alle ca. 200 gram Schnitzel werden mit Bratkartoffeln und Salat serviert<\/p>\n<p><em>* Diese sind auch als vegane Schnitzel erh\u00e4ltlich<\/em><\/p>\n<\/div><\/section><\/p><\/div><\/div><!--close column table wrapper. Autoclose: 1 -->\n<\/div><\/div><\/div><!-- close content main div --><\/div><\/div><div id='av_section_4'  class='avia-section av-5oqtka-a0b29cfa602e389cdf5b88a1eed3a225 main_color avia-section-default avia-no-border-styling  avia-builder-el-12  el_after_av_section  el_before_av_section  vdlp-center avia-bg-style-scroll container_wrap sidebar_right'  ><div class='container av-section-cont-open' ><div class='template-page content  av-content-small alpha units'><div class='post-entry post-entry-type-page post-entry-4141'><div class='entry-content-wrapper clearfix'>\n<div class='flex_column_table av-482loa-6d0cbf9c2b762fd1df4002e9c54c8724 sc-av_one_half av-mobile-columns-flex av-columns-reverse av-equal-height-column-flextable'><div  class='flex_column av-482loa-6d0cbf9c2b762fd1df4002e9c54c8724 av_one_half  avia-builder-el-13  el_before_av_one_half  avia-builder-el-first  first flex_column_table_cell av-equal-height-column av-align-middle  '     ><p>\n<style type=\"text\/css\" data-created_by=\"avia_inline_auto\" id=\"style-css-av-lwtcdium-b6fa0eb4536bbe14892c7241f8bd05a4\">\n#top .av-special-heading.av-lwtcdium-b6fa0eb4536bbe14892c7241f8bd05a4{\npadding-bottom:10px;\n}\nbody .av-special-heading.av-lwtcdium-b6fa0eb4536bbe14892c7241f8bd05a4 .av-special-heading-tag .heading-char{\nfont-size:25px;\n}\n.av-special-heading.av-lwtcdium-b6fa0eb4536bbe14892c7241f8bd05a4 .av-subheading{\nfont-size:15px;\n}\n<\/style>\n<div  class='av-special-heading av-lwtcdium-b6fa0eb4536bbe14892c7241f8bd05a4 av-special-heading-h3 blockquote modern-quote  avia-builder-el-14  el_before_av_textblock  avia-builder-el-first '><h3 class='av-special-heading-tag'  itemprop=\"headline\"  >Burger<\/h3><div class=\"special-heading-border\"><div class=\"special-heading-inner-border\"><\/div><\/div><\/div><br \/>\n\n<style type=\"text\/css\" data-created_by=\"avia_inline_auto\" id=\"style-css-av-lwtcctqi-5d6ce4cd867ffec9b517774532a99a12\">\n#top .av_textblock_section.av-lwtcctqi-5d6ce4cd867ffec9b517774532a99a12 .avia_textblock{\ncolor:#7b7368;\n}\n<\/style>\n<section  class='av_textblock_section av-lwtcctqi-5d6ce4cd867ffec9b517774532a99a12 '   itemscope=\"itemscope\" itemtype=\"https:\/\/schema.org\/CreativeWork\" ><div class='avia_textblock av_inherit_color'  itemprop=\"text\" ><p><strong>Gr\u00f6nebacher\u00a0 \u00a0 \u00a0 \u00a0 \u00a0 \u00a0 \u00a0 <\/strong>mit K\u00e4se, Bacon, Spiegelei, Tomate, Gurken, Zwiebeln und Hausgemachtes Smokey Barbecue Sauce<\/p>\n<p><strong>Winterberger\u00a0 \u00a0 \u00a0 \u00a0 \u00a0 \u00a0 \u00a0 <\/strong>mit K\u00e4se, gebratene Zwiebeln, Spiegelei, Tomate, Gurken und Hausgemachtes Smokey Barbecue Sauce<\/p>\n<p><strong>Asian\u00a0\u00a0\u00a0\u00a0\u00a0\u00a0\u00a0\u00a0\u00a0\u00a0\u00a0\u00a0\u00a0\u00a0\u00a0\u00a0\u00a0\u00a0\u00a0\u00a0\u00a0\u00a0\u00a0\u00a0\u00a0\u00a0\u00a0\u00a0 <\/strong>mit Rostzwiebeln, Spiegelei und Sat\u00e9 Sauce<\/p>\n<p><strong>Hawaii \u00a0\u00a0\u00a0\u00a0\u00a0\u00a0\u00a0\u00a0\u00a0\u00a0\u00a0\u00a0\u00a0\u00a0\u00a0\u00a0\u00a0\u00a0\u00a0\u00a0\u00a0\u00a0\u00a0\u00a0\u00a0 <\/strong>mit K\u00e4se, Ananas, Schinken und Hausgemachtes Smokey Barbecue Sauce<\/p>\n<p><strong>Italien\u00a0 \u00a0 \u00a0 \u00a0 \u00a0 \u00a0 \u00a0 \u00a0 \u00a0 \u00a0 \u00a0 \u00a0 \u00a0 \u00a0 <\/strong>mit Gorgonzolak\u00e4se, Tomate, Zwiebeln.<\/p>\n<p><strong>Cheese\u00a0 \u00a0 \u00a0 \u00a0 \u00a0 \u00a0 \u00a0 \u00a0 \u00a0 \u00a0 \u00a0 \u00a0 \u00a0 \u00a0<\/strong>mit K\u00e4se, Tomate, Gurken, Zwiebeln und Hausgemachtes Smokey Barbecue Sauce<\/p>\n<p>Alle ca. 180 gr. Hausgemachtes Burgers werden mit Bratkartoffeln serviert.<\/p>\n<\/div><\/section><\/p><\/div><div class='av-flex-placeholder'><\/div><div  class='flex_column av-2jp17u-bbab8f65919ad4ac29d438425cf732c5 av_one_half  avia-builder-el-16  el_after_av_one_half  avia-builder-el-last  flex_column_table_cell av-equal-height-column av-align-middle  '     ><style type=\"text\/css\" data-created_by=\"avia_inline_auto\" id=\"style-css-av-lwtcd2j2-ae43ce16af3430b00feab620b2caf55f\">\n.avia-image-container.av-lwtcd2j2-ae43ce16af3430b00feab620b2caf55f img.avia_image{\nbox-shadow:none;\n}\n.avia-image-container.av-lwtcd2j2-ae43ce16af3430b00feab620b2caf55f .av-image-caption-overlay-center{\ncolor:#ffffff;\n}\n<\/style>\n<div  class='avia-image-container av-lwtcd2j2-ae43ce16af3430b00feab620b2caf55f av-styling- avia-align-center  avia-builder-el-17  avia-builder-el-no-sibling '   itemprop=\"image\" itemscope=\"itemscope\" itemtype=\"https:\/\/schema.org\/ImageObject\" ><div class=\"avia-image-container-inner\"><div class=\"avia-image-overlay-wrap\"><img decoding=\"async\" fetchpriority=\"high\" class='wp-image-3652 avia-img-lazy-loading-not-3652 avia_image ' src=\"https:\/\/www.bedandbreakfastsauerland.com\/wp-content\/uploads\/2024\/06\/Hamburger-bewerkt-600x480.jpg\" alt='' title='Hamburger bewerkt'  height=\"480\" width=\"600\"  itemprop=\"thumbnailUrl\"  \/><\/div><\/div><\/div><\/div><\/div><!--close column table wrapper. Autoclose: 1 -->\n<\/p>\n<\/div><\/div><\/div><!-- close content main div --><\/div><\/div><div id='av_section_5'  class='avia-section av-mi8g2i-1506ccdfa78a90fdc60638ca9091991c main_color avia-section-default avia-no-border-styling  avia-builder-el-18  el_after_av_section  avia-builder-el-last  vdlp-cards section-overlay-secondary avia-bg-style-scroll container_wrap sidebar_right'  ><div class='container av-section-cont-open' ><div class='template-page content  av-content-small alpha units'><div class='post-entry post-entry-type-page post-entry-4141'><div class='entry-content-wrapper clearfix'>\n<div  class='flex_column av-kvrgqy-c01662ae48c5f90a34dff40aa4c7dad6 av_one_third  avia-builder-el-19  el_before_av_one_third  avia-builder-el-first  first flex_column_div avia-link-column av-column-link  '    data-link-column-url=\"https:\/\/www.bedandbreakfastsauerland.com\/bed-breakfast\/\"   ><a class=\"av-screen-reader-only\" href=https:\/\/www.bedandbreakfastsauerland.com\/bed-breakfast\/ >Link zu: Bed &#038; Breakfast<\/a><p>\n<style type=\"text\/css\" data-created_by=\"avia_inline_auto\" id=\"style-css-av-iz0bt6-cb60f32114d47d41d726adfdebfdc60c\">\n.avia-image-container.av-iz0bt6-cb60f32114d47d41d726adfdebfdc60c img.avia_image{\nbox-shadow:none;\n}\n.avia-image-container.av-iz0bt6-cb60f32114d47d41d726adfdebfdc60c .av-image-caption-overlay-center{\ncolor:#ffffff;\n}\n<\/style>\n<div  class='avia-image-container av-iz0bt6-cb60f32114d47d41d726adfdebfdc60c av-styling- avia-align-center  avia-builder-el-20  el_before_av_heading  avia-builder-el-first '   itemprop=\"image\" itemscope=\"itemscope\" itemtype=\"https:\/\/schema.org\/ImageObject\" ><div class=\"avia-image-container-inner\"><div class=\"avia-image-overlay-wrap\"><img decoding=\"async\" fetchpriority=\"high\" class='wp-image-3217 avia-img-lazy-loading-not-3217 avia_image ' src=\"https:\/\/www.bedandbreakfastsauerland.com\/wp-content\/uploads\/2024\/03\/Huis-2019-met-terras-600x480.jpg\" alt='' title='Huis 2019 met terras'  height=\"480\" width=\"600\"  itemprop=\"thumbnailUrl\"  \/><\/div><\/div><\/div><br \/>\n\n<style type=\"text\/css\" data-created_by=\"avia_inline_auto\" id=\"style-css-av-i0pjne-ecd26ee7d272cbcda017766015b0f642\">\n#top .av-special-heading.av-i0pjne-ecd26ee7d272cbcda017766015b0f642{\npadding-bottom:10px;\n}\nbody .av-special-heading.av-i0pjne-ecd26ee7d272cbcda017766015b0f642 .av-special-heading-tag .heading-char{\nfont-size:25px;\n}\n.av-special-heading.av-i0pjne-ecd26ee7d272cbcda017766015b0f642 .av-subheading{\nfont-size:15px;\n}\n<\/style>\n<div  class='av-special-heading av-i0pjne-ecd26ee7d272cbcda017766015b0f642 av-special-heading-h3 blockquote modern-quote modern-centered  avia-builder-el-21  el_after_av_image  el_before_av_textblock '><h3 class='av-special-heading-tag'  itemprop=\"headline\"  >Bed <span class='special_amp'>&amp;<\/span> Breakfast<\/h3><div class=\"special-heading-border\"><div class=\"special-heading-inner-border\"><\/div><\/div><\/div><br \/>\n<section  class='av_textblock_section av-g4ucei-8f19d8d53d245a547da9fbcecf5a1926 '   itemscope=\"itemscope\" itemtype=\"https:\/\/schema.org\/CreativeWork\" ><div class='avia_textblock'  itemprop=\"text\" ><p style=\"text-align: center;\">Unser Bauernhof befindet sich in einem authentischen Bauerndorf im Herzen des Hochsauerlandes, in Gr\u00f6nebach.<\/p>\n<\/div><\/section><\/p><\/div><div  class='flex_column av-e5bbsa-533c032f24cfa246b28dc8dd4507b80d av_one_third  avia-builder-el-23  el_after_av_one_third  el_before_av_one_third  flex_column_div avia-link-column av-column-link  '    data-link-column-url=\"https:\/\/www.bedandbreakfastsauerland.com\/trekkershut\/\"   ><a class=\"av-screen-reader-only\" href=https:\/\/www.bedandbreakfastsauerland.com\/trekkershut\/ >Link zu: Trekkershut<\/a><p>\n<style type=\"text\/css\" data-created_by=\"avia_inline_auto\" id=\"style-css-av-c25s3e-d44901490276b18fb610891407be308f\">\n.avia-image-container.av-c25s3e-d44901490276b18fb610891407be308f img.avia_image{\nbox-shadow:none;\n}\n.avia-image-container.av-c25s3e-d44901490276b18fb610891407be308f .av-image-caption-overlay-center{\ncolor:#ffffff;\n}\n<\/style>\n<div  class='avia-image-container av-c25s3e-d44901490276b18fb610891407be308f av-styling- avia-align-center  avia-builder-el-24  el_before_av_heading  avia-builder-el-first '   itemprop=\"image\" itemscope=\"itemscope\" itemtype=\"https:\/\/schema.org\/ImageObject\" ><div class=\"avia-image-container-inner\"><div class=\"avia-image-overlay-wrap\"><img decoding=\"async\" fetchpriority=\"high\" class='wp-image-3476 avia-img-lazy-loading-not-3476 avia_image ' src=\"https:\/\/www.bedandbreakfastsauerland.com\/wp-content\/uploads\/2024\/05\/site-hut-600x480.jpg\" alt='' title='site hut'  height=\"480\" width=\"600\"  itemprop=\"thumbnailUrl\"  \/><\/div><\/div><\/div><br \/>\n\n<style type=\"text\/css\" data-created_by=\"avia_inline_auto\" id=\"style-css-av-b3xs8q-e26a8562f9088053e9a76fd13ad10033\">\n#top .av-special-heading.av-b3xs8q-e26a8562f9088053e9a76fd13ad10033{\npadding-bottom:10px;\n}\nbody .av-special-heading.av-b3xs8q-e26a8562f9088053e9a76fd13ad10033 .av-special-heading-tag .heading-char{\nfont-size:25px;\n}\n.av-special-heading.av-b3xs8q-e26a8562f9088053e9a76fd13ad10033 .av-subheading{\nfont-size:15px;\n}\n<\/style>\n<div  class='av-special-heading av-b3xs8q-e26a8562f9088053e9a76fd13ad10033 av-special-heading-h3 blockquote modern-quote modern-centered  avia-builder-el-25  el_after_av_image  el_before_av_textblock '><h3 class='av-special-heading-tag'  itemprop=\"headline\"  >Wanderh\u00fctte<\/h3><div class=\"special-heading-border\"><div class=\"special-heading-inner-border\"><\/div><\/div><\/div><br \/>\n<section  class='av_textblock_section av-9on2re-3270663dfef2c1e6bebe362a5711d777 '   itemscope=\"itemscope\" itemtype=\"https:\/\/schema.org\/CreativeWork\" ><div class='avia_textblock'  itemprop=\"text\" ><p style=\"text-align: center;\">Wenn Sie unterwegs sind und eine Unterkunft suchen, k\u00f6nnen Sie eine Wanderh\u00fctte im Stall f\u00fcr eine Nacht oder l\u00e4nger mieten.<\/p>\n<\/div><\/section><\/p><\/div><div  class='flex_column av-7bl3a2-b50cdf37dbe631444dcc25cb9600cc0d av_one_third  avia-builder-el-27  el_after_av_one_third  avia-builder-el-last  flex_column_div avia-link-column av-column-link  '    data-link-column-url=\"https:\/\/www.bedandbreakfastsauerland.com\/theehuis\/\"   ><a class=\"av-screen-reader-only\" href=https:\/\/www.bedandbreakfastsauerland.com\/theehuis\/ >Link zu: Theehuis<\/a><p>\n<style type=\"text\/css\" data-created_by=\"avia_inline_auto\" id=\"style-css-av-68g1yy-f38c17a6fe9ee0e3606bc729b0a5e829\">\n.avia-image-container.av-68g1yy-f38c17a6fe9ee0e3606bc729b0a5e829 img.avia_image{\nbox-shadow:none;\n}\n.avia-image-container.av-68g1yy-f38c17a6fe9ee0e3606bc729b0a5e829 .av-image-caption-overlay-center{\ncolor:#ffffff;\n}\n<\/style>\n<div  class='avia-image-container av-68g1yy-f38c17a6fe9ee0e3606bc729b0a5e829 av-styling- avia-align-center  avia-builder-el-28  el_before_av_heading  avia-builder-el-first '   itemprop=\"image\" itemscope=\"itemscope\" itemtype=\"https:\/\/schema.org\/ImageObject\" ><div class=\"avia-image-container-inner\"><div class=\"avia-image-overlay-wrap\"><img decoding=\"async\" fetchpriority=\"high\" class='wp-image-3463 avia-img-lazy-loading-not-3463 avia_image ' src=\"https:\/\/www.bedandbreakfastsauerland.com\/wp-content\/uploads\/2024\/05\/foto1-600x480.jpg\" alt='' title='foto1'  height=\"480\" width=\"600\"  itemprop=\"thumbnailUrl\"  \/><\/div><\/div><\/div><br \/>\n\n<style type=\"text\/css\" data-created_by=\"avia_inline_auto\" id=\"style-css-av-46o8ei-1db87e4613de15cfbf06d36d17d9e51f\">\n#top .av-special-heading.av-46o8ei-1db87e4613de15cfbf06d36d17d9e51f{\npadding-bottom:10px;\n}\nbody .av-special-heading.av-46o8ei-1db87e4613de15cfbf06d36d17d9e51f .av-special-heading-tag .heading-char{\nfont-size:25px;\n}\n.av-special-heading.av-46o8ei-1db87e4613de15cfbf06d36d17d9e51f .av-subheading{\nfont-size:15px;\n}\n<\/style>\n<div  class='av-special-heading av-46o8ei-1db87e4613de15cfbf06d36d17d9e51f av-special-heading-h3 blockquote modern-quote modern-centered  avia-builder-el-29  el_after_av_image  el_before_av_textblock '><h3 class='av-special-heading-tag'  itemprop=\"headline\"  >Teehaus<\/h3><div class=\"special-heading-border\"><div class=\"special-heading-inner-border\"><\/div><\/div><\/div><br \/>\n<section  class='av_textblock_section av-2h7vca-e67ea9d43b291c75b9672fd9963c47f3 '   itemscope=\"itemscope\" itemtype=\"https:\/\/schema.org\/CreativeWork\" ><div class='avia_textblock'  itemprop=\"text\" ><p style=\"text-align: center;\">Machen Sie eine Pause w\u00e4hrend oder nach einer sch\u00f6nen Fahrradtour, einem sch\u00f6nen Spaziergang, wenn Sie mit dem Auto oder Motorrad unterwegs sind.<\/p>\n<\/div><\/section><\/p><\/div>\n<\/div><\/div><\/div><!-- close content main div --><\/div><\/div><div id='after_section_5'  class='main_color av_default_container_wrap container_wrap sidebar_right'  ><div class='container av-section-cont-open' ><div class='template-page content  av-content-small alpha units'><div class='post-entry post-entry-type-page post-entry-4141'><div class='entry-content-wrapper clearfix'>\n","protected":false},"excerpt":{"rendered":"","protected":false},"author":1,"featured_media":0,"parent":0,"menu_order":35,"comment_status":"closed","ping_status":"closed","template":"","meta":{"_acf_changed":false,"footnotes":""},"class_list":["post-4141","page","type-page","status-publish","hentry"],"acf":[],"_links":{"self":[{"href":"https:\/\/www.bedandbreakfastsauerland.com\/de\/wp-json\/wp\/v2\/pages\/4141","targetHints":{"allow":["GET"]}}],"collection":[{"href":"https:\/\/www.bedandbreakfastsauerland.com\/de\/wp-json\/wp\/v2\/pages"}],"about":[{"href":"https:\/\/www.bedandbreakfastsauerland.com\/de\/wp-json\/wp\/v2\/types\/page"}],"author":[{"embeddable":true,"href":"https:\/\/www.bedandbreakfastsauerland.com\/de\/wp-json\/wp\/v2\/users\/1"}],"replies":[{"embeddable":true,"href":"https:\/\/www.bedandbreakfastsauerland.com\/de\/wp-json\/wp\/v2\/comments?post=4141"}],"version-history":[{"count":0,"href":"https:\/\/www.bedandbreakfastsauerland.com\/de\/wp-json\/wp\/v2\/pages\/4141\/revisions"}],"wp:attachment":[{"href":"https:\/\/www.bedandbreakfastsauerland.com\/de\/wp-json\/wp\/v2\/media?parent=4141"}],"curies":[{"name":"wp","href":"https:\/\/api.w.org\/{rel}","templated":true}]}}