{"id":4135,"date":"2024-03-21T12:31:47","date_gmt":"2024-03-21T11:31:47","guid":{"rendered":"https:\/\/www.bedandbreakfastsauerland.com\/wanderhuette\/"},"modified":"2025-01-24T18:10:40","modified_gmt":"2025-01-24T17:10:40","slug":"wanderhuette","status":"publish","type":"page","link":"https:\/\/www.bedandbreakfastsauerland.com\/de\/wanderhuette\/","title":{"rendered":"Wanderh\u00fctte"},"content":{"rendered":"\n<style type=\"text\/css\" data-created_by=\"avia_inline_auto\" id=\"style-css-av-14bffpv-2e0e6de004d8519eeb038b91d12e8b4f\">\n.avia-section.av-14bffpv-2e0e6de004d8519eeb038b91d12e8b4f{\nbackground-repeat:no-repeat;\nbackground-image:url(https:\/\/www.bedandbreakfastsauerland.com\/wp-content\/uploads\/2024\/03\/wood-scaled.jpg);\nbackground-position:0% 0%;\nbackground-attachment:scroll;\n}\n<\/style>\n<div id='av_section_1'  class='avia-section av-14bffpv-2e0e6de004d8519eeb038b91d12e8b4f main_color avia-section-default avia-no-border-styling  avia-builder-el-0  el_before_av_section  avia-builder-el-first  vdlp-header avia-full-stretch avia-bg-style-scroll container_wrap sidebar_right'  data-section-bg-repeat='stretch'><div class='container av-section-cont-open' ><main  role=\"main\" itemprop=\"mainContentOfPage\"  class='template-page content  av-content-small alpha units'><div class='post-entry post-entry-type-page post-entry-4135'><div class='entry-content-wrapper clearfix'>\n<div  class='flex_column av-12i81jn-1b78dc55c57c3994564d5e215245d764 av_one_full  avia-builder-el-1  avia-builder-el-no-sibling  first flex_column_div  '     ><style type=\"text\/css\" data-created_by=\"avia_inline_auto\" id=\"style-css-av-lwhrfkjn-ffcbc4aa66bc7dbb8033e450aa3844cc\">\n#top .av-special-heading.av-lwhrfkjn-ffcbc4aa66bc7dbb8033e450aa3844cc{\npadding-bottom:10px;\n}\nbody .av-special-heading.av-lwhrfkjn-ffcbc4aa66bc7dbb8033e450aa3844cc .av-special-heading-tag .heading-char{\nfont-size:25px;\n}\n.av-special-heading.av-lwhrfkjn-ffcbc4aa66bc7dbb8033e450aa3844cc .av-subheading{\nfont-size:15px;\n}\n<\/style>\n<div  class='av-special-heading av-lwhrfkjn-ffcbc4aa66bc7dbb8033e450aa3844cc av-special-heading-h1 blockquote modern-quote modern-centered  avia-builder-el-2  avia-builder-el-no-sibling '><h1 class='av-special-heading-tag'  itemprop=\"headline\"  >Wanderh\u00fctte<\/h1><div class=\"special-heading-border\"><div class=\"special-heading-inner-border\"><\/div><\/div><\/div><\/div>\n\n<\/div><\/div><\/main><!-- close content main element --><\/div><\/div><div id='av_section_2'  class='avia-section av-6c25lv-56fa611302807347cc2dd5d02781f4be main_color avia-section-default avia-no-border-styling  avia-builder-el-3  el_after_av_section  el_before_av_section  vdlp-center avia-bg-style-scroll container_wrap sidebar_right'  ><div class='container av-section-cont-open' ><div class='template-page content  av-content-small alpha units'><div class='post-entry post-entry-type-page post-entry-4135'><div class='entry-content-wrapper clearfix'>\n<div class='flex_column_table av-3qx3qb-2b962a983da8d8911c87e1b0b47a9d0f sc-av_one_half av-mobile-columns-flex av-columns-reverse av-equal-height-column-flextable'><div  class='flex_column av-3qx3qb-2b962a983da8d8911c87e1b0b47a9d0f av_one_half  avia-builder-el-4  el_before_av_one_half  avia-builder-el-first  first flex_column_table_cell av-equal-height-column av-align-middle  '     ><section  class='av_textblock_section av-lxes5lg0-cbf13e86778de2d4a134226a0769062a '   itemscope=\"itemscope\" itemtype=\"https:\/\/schema.org\/CreativeWork\" ><div class='avia_textblock'  itemprop=\"text\" ><p>Wenn Sie auf Reisen sind und eine einzigartige, aber einfache Unterkunft suchen, mieten Sie unsere Wanderh\u00fctte im Stall, in dem fr\u00fcher die K\u00fche schliefen. Ein Teil des Stalls wurde zu einer Wanderh\u00fctte umgebaut, mit sanit\u00e4ren Anlagen direkt nebenan.<\/p>\n<\/div><\/section><\/div><div class='av-flex-placeholder'><\/div><div  class='flex_column av-32b1kz-a3f6b2c8f6ab5e0e1b736b031ad1024f av_one_half  avia-builder-el-6  el_after_av_one_half  avia-builder-el-last  flex_column_table_cell av-equal-height-column av-align-middle  '     ><style type=\"text\/css\" data-created_by=\"avia_inline_auto\" id=\"style-css-av-lxesjh4g-a0b9fbd1d31846129f2eeeb6f3fcfde6\">\n.avia-image-container.av-lxesjh4g-a0b9fbd1d31846129f2eeeb6f3fcfde6 img.avia_image{\nbox-shadow:none;\n}\n.avia-image-container.av-lxesjh4g-a0b9fbd1d31846129f2eeeb6f3fcfde6 .av-image-caption-overlay-center{\ncolor:#ffffff;\n}\n<\/style>\n<div  class='avia-image-container av-lxesjh4g-a0b9fbd1d31846129f2eeeb6f3fcfde6 av-styling- avia-align-center  avia-builder-el-7  avia-builder-el-no-sibling '   itemprop=\"image\" itemscope=\"itemscope\" itemtype=\"https:\/\/schema.org\/ImageObject\" ><div class=\"avia-image-container-inner\"><div class=\"avia-image-overlay-wrap\"><img decoding=\"async\" fetchpriority=\"high\" class='wp-image-3476 avia-img-lazy-loading-not-3476 avia_image ' src=\"https:\/\/www.bedandbreakfastsauerland.com\/wp-content\/uploads\/2024\/05\/site-hut-600x480.jpg\" alt='' title='site hut'  height=\"480\" width=\"600\"  itemprop=\"thumbnailUrl\"  \/><\/div><\/div><\/div><\/div><\/div><!--close column table wrapper. Autoclose: 1 -->\n\n<\/div><\/div><\/div><!-- close content main div --><\/div><\/div><div id='av_section_3'  class='avia-section av-5racb7-de3868658dc6ec05fb82dcd1a5f5b1b7 main_color avia-section-default avia-no-border-styling  avia-builder-el-8  el_after_av_section  el_before_av_section  vdlp-center avia-bg-style-scroll container_wrap sidebar_right'  ><div class='container av-section-cont-open' ><div class='template-page content  av-content-small alpha units'><div class='post-entry post-entry-type-page post-entry-4135'><div class='entry-content-wrapper clearfix'>\n<div class='flex_column_table av-4nbigz-d1213ef02b4fa59806270bc2ba4794cb sc-av_one_half av-equal-height-column-flextable'><div  class='flex_column av-4nbigz-d1213ef02b4fa59806270bc2ba4794cb av_one_half  avia-builder-el-9  el_before_av_one_half  avia-builder-el-first  first flex_column_table_cell av-equal-height-column av-align-middle  '     ><style type=\"text\/css\" data-created_by=\"avia_inline_auto\" id=\"style-css-av-lxesmvwu-9f4d678feab86cdfae029458f73a85d6\">\n.avia-image-container.av-lxesmvwu-9f4d678feab86cdfae029458f73a85d6 img.avia_image{\nbox-shadow:none;\n}\n.avia-image-container.av-lxesmvwu-9f4d678feab86cdfae029458f73a85d6 .av-image-caption-overlay-center{\ncolor:#ffffff;\n}\n<\/style>\n<div  class='avia-image-container av-lxesmvwu-9f4d678feab86cdfae029458f73a85d6 av-styling- avia-align-center  avia-builder-el-10  avia-builder-el-no-sibling '   itemprop=\"image\" itemscope=\"itemscope\" itemtype=\"https:\/\/schema.org\/ImageObject\" ><div class=\"avia-image-container-inner\"><div class=\"avia-image-overlay-wrap\"><img decoding=\"async\" fetchpriority=\"high\" class='wp-image-3706 avia-img-lazy-loading-not-3706 avia_image ' src=\"https:\/\/www.bedandbreakfastsauerland.com\/wp-content\/uploads\/2024\/06\/Trekkershut-woonkamer1-1-600x480.jpg\" alt='' title='Trekkershut woonkamer1'  height=\"480\" width=\"600\"  itemprop=\"thumbnailUrl\"  \/><\/div><\/div><\/div><\/div><div class='av-flex-placeholder'><\/div><div  class='flex_column av-1vtc4z-a830e12d4ef0bd42ae1ededd1642409f av_one_half  avia-builder-el-11  el_after_av_one_half  avia-builder-el-last  flex_column_table_cell av-equal-height-column av-align-middle  '     ><section  class='av_textblock_section av-lxesmezj-922051f2a97346814c908e18a33b20d2 '   itemscope=\"itemscope\" itemtype=\"https:\/\/schema.org\/CreativeWork\" ><div class='avia_textblock'  itemprop=\"text\" ><p>Die H\u00fctte ist funktionell eingerichtet und hat ca. 30 m\u00b2, f\u00fcr bis zu 4 Personen. Sie ist ausgestattet mit einem Esstisch mit 4 St\u00fchlen, einer K\u00fcchenzeile, einem kleinen K\u00fchlschrank, einer Infrarotheizung, einem Doppelbett und einem Etagenbett. Die Betten sind mit Matratzen ausgestattet, aber Sie m\u00fcssen Ihre eigene Bettw\u00e4sche mitbringen. Es gibt einen Garten vor der H\u00fctte und Gartensofas im Garten, die Sie benutzen k\u00f6nnen. Bitte hinterlassen Sie die H\u00fctte bei der Abreise sauber.<\/p>\n<\/div><\/section><\/div><\/div><!--close column table wrapper. Autoclose: 1 -->\n\n<\/div><\/div><\/div><!-- close content main div --><\/div><\/div><div id='av_section_4'  class='avia-section av-59hwr7-d46b6fd940faa9b1d542df09afa45a43 main_color avia-section-default avia-no-border-styling  avia-builder-el-13  el_after_av_section  el_before_av_section  vdlp-center avia-bg-style-scroll container_wrap sidebar_right'  ><div class='container av-section-cont-open' ><div class='template-page content  av-content-small alpha units'><div class='post-entry post-entry-type-page post-entry-4135'><div class='entry-content-wrapper clearfix'>\n<div class='flex_column_table av-48jbir-998afafc46232e2d9810acb8cf06dede sc-av_one_half av-mobile-columns-flex av-columns-reverse av-equal-height-column-flextable'><div  class='flex_column av-48jbir-998afafc46232e2d9810acb8cf06dede av_one_half  avia-builder-el-14  el_before_av_one_half  avia-builder-el-first  first flex_column_table_cell av-equal-height-column av-align-middle  '     ><section  class='av_textblock_section av-lxesp9gg-3292a51b1b503e355dc7ecf26bfd43ca '   itemscope=\"itemscope\" itemtype=\"https:\/\/schema.org\/CreativeWork\" ><div class='avia_textblock'  itemprop=\"text\" ><p>Wenn Sie unseren Fr\u00fchst\u00fccksservice nutzen m\u00f6chten, geben Sie dies bitte bei der Buchung an.<\/p>\n<p><strong>Die Wanderh\u00fctte kann nur in der Sommersaison vom 1. Mai bis September gebucht werden.<\/strong><\/p>\n<\/div><\/section><\/div><div class='av-flex-placeholder'><\/div><div  class='flex_column av-1w8zer-8638cf9ac4a49a257b8974cf47896f41 av_one_half  avia-builder-el-16  el_after_av_one_half  avia-builder-el-last  flex_column_table_cell av-equal-height-column av-align-middle  '     ><style type=\"text\/css\" data-created_by=\"avia_inline_auto\" id=\"style-css-av-lxest6sn-7cdb7ca59a7db913a43221110d79277d\">\n.avia-image-container.av-lxest6sn-7cdb7ca59a7db913a43221110d79277d img.avia_image{\nbox-shadow:none;\n}\n.avia-image-container.av-lxest6sn-7cdb7ca59a7db913a43221110d79277d .av-image-caption-overlay-center{\ncolor:#ffffff;\n}\n<\/style>\n<div  class='avia-image-container av-lxest6sn-7cdb7ca59a7db913a43221110d79277d av-styling- avia-align-center  avia-builder-el-17  avia-builder-el-no-sibling '   itemprop=\"image\" itemscope=\"itemscope\" itemtype=\"https:\/\/schema.org\/ImageObject\" ><div class=\"avia-image-container-inner\"><div class=\"avia-image-overlay-wrap\"><img decoding=\"async\" fetchpriority=\"high\" class='wp-image-4382 avia-img-lazy-loading-not-4382 avia_image ' src=\"https:\/\/www.bedandbreakfastsauerland.com\/wp-content\/uploads\/2024\/08\/Hut-met-nieuwe-bank-1-600x480.jpg\" alt='' title='Hut met nieuwe bank'  height=\"480\" width=\"600\"  itemprop=\"thumbnailUrl\"  \/><\/div><\/div><\/div><\/div><\/div><!--close column table wrapper. Autoclose: 1 -->\n\n<\/div><\/div><\/div><!-- close content main div --><\/div><\/div><div id='av_section_5'  class='avia-section av-87ta8z-590803bfccf0dfb0877ba003826171c3 main_color avia-section-default avia-no-border-styling  avia-builder-el-18  el_after_av_section  el_before_av_section  vdlp-center avia-bg-style-scroll container_wrap sidebar_right'  ><div class='container av-section-cont-open' ><div class='template-page content  av-content-small alpha units'><div class='post-entry post-entry-type-page post-entry-4135'><div class='entry-content-wrapper clearfix'>\n<div class='flex_column_table av-5mt5ub-b9b7d65bc06b62c58a721e1c384ae66b sc-av_one_half av-equal-height-column-flextable'><div  class='flex_column av-5mt5ub-b9b7d65bc06b62c58a721e1c384ae66b av_one_half  avia-builder-el-19  el_before_av_one_half  avia-builder-el-first  first flex_column_table_cell av-equal-height-column av-align-middle  '     ><style type=\"text\/css\" data-created_by=\"avia_inline_auto\" id=\"style-css-av-3v6s4z-e250433c7d8c473f9c68aae37293ccb1\">\n.avia-image-container.av-3v6s4z-e250433c7d8c473f9c68aae37293ccb1 img.avia_image{\nbox-shadow:none;\n}\n.avia-image-container.av-3v6s4z-e250433c7d8c473f9c68aae37293ccb1 .av-image-caption-overlay-center{\ncolor:#ffffff;\n}\n<\/style>\n<div  class='avia-image-container av-3v6s4z-e250433c7d8c473f9c68aae37293ccb1 av-styling- avia-align-center  avia-builder-el-20  avia-builder-el-no-sibling '   itemprop=\"image\" itemscope=\"itemscope\" itemtype=\"https:\/\/schema.org\/ImageObject\" ><div class=\"avia-image-container-inner\"><div class=\"avia-image-overlay-wrap\"><img decoding=\"async\" fetchpriority=\"high\" class='wp-image-3710 avia-img-lazy-loading-not-3710 avia_image ' src=\"https:\/\/www.bedandbreakfastsauerland.com\/wp-content\/uploads\/2024\/06\/Trekkershut-slaapkamer-1-600x480.jpg\" alt='' title='Trekkershut slaapkamer'  height=\"480\" width=\"600\"  itemprop=\"thumbnailUrl\"  \/><\/div><\/div><\/div><\/div><div class='av-flex-placeholder'><\/div><div  class='flex_column av-36pngj-94faf2552d5ef3a9cf72fd54058b24df av_one_half  avia-builder-el-21  el_after_av_one_half  avia-builder-el-last  flex_column_table_cell av-equal-height-column av-align-middle  '     ><p>\n<style type=\"text\/css\" data-created_by=\"avia_inline_auto\" id=\"style-css-av-lxet0pzg-13a3307eb5ed052e25eaf9e7f465bf9d\">\n#top .av-special-heading.av-lxet0pzg-13a3307eb5ed052e25eaf9e7f465bf9d{\npadding-bottom:10px;\n}\nbody .av-special-heading.av-lxet0pzg-13a3307eb5ed052e25eaf9e7f465bf9d .av-special-heading-tag .heading-char{\nfont-size:25px;\n}\n.av-special-heading.av-lxet0pzg-13a3307eb5ed052e25eaf9e7f465bf9d .av-subheading{\nfont-size:15px;\n}\n<\/style>\n<div  class='av-special-heading av-lxet0pzg-13a3307eb5ed052e25eaf9e7f465bf9d av-special-heading-h3 blockquote modern-quote  avia-builder-el-22  el_before_av_textblock  avia-builder-el-first '><h3 class='av-special-heading-tag'  itemprop=\"headline\"  >Preise<\/h3><div class=\"special-heading-border\"><div class=\"special-heading-inner-border\"><\/div><\/div><\/div><br \/>\n<section  class='av_textblock_section av-lxet0h7q-cd0a961c78407c97285f532fb02a77a7 '   itemscope=\"itemscope\" itemtype=\"https:\/\/schema.org\/CreativeWork\" ><div class='avia_textblock'  itemprop=\"text\" ><p>45,00 \u20ac pro Nacht (mindestens 2 N\u00e4chte)<\/p>\n<p>Bettw\u00e4sche und Handt\u00fccher k\u00f6nnen bei Bedarf f\u00fcr 4,00 \u20ac pro Set hinzugebucht werden, ebenso das Fr\u00fchst\u00fcck f\u00fcr 8,00 \u20ac pro Person.<\/p>\n<p>Im Preis nicht enthalten ist die Kurtaxe von 1,75 \u20ac pro Person und Nacht. (ab 16 Jahren) Daf\u00fcr erhalten Sie eine Sauerlandkarte, mit der Sie die \u00f6ffentlichen Verkehrsmittel kostenlos nutzen k\u00f6nnen und Erm\u00e4\u00dfigungen bei verschiedenen Attraktionen erhalten.<\/p>\n<\/div><\/section><\/p><\/div><\/div><!--close column table wrapper. Autoclose: 1 --><\/div><\/div><\/div><!-- close content main div --><\/div><\/div><div id='av_section_6'  class='avia-section av-n4eewz-87f59bbfe8b15ad789bd159abff1783a main_color avia-section-default avia-no-border-styling  avia-builder-el-24  el_after_av_section  avia-builder-el-last  vdlp-cards section-overlay-secondary avia-bg-style-scroll container_wrap sidebar_right'  ><div class='container av-section-cont-open' ><div class='template-page content  av-content-small alpha units'><div class='post-entry post-entry-type-page post-entry-4135'><div class='entry-content-wrapper clearfix'>\n<div  class='flex_column av-ktig2r-8aa673374981ab60088fda457f854934 av_one_third  avia-builder-el-25  el_before_av_one_third  avia-builder-el-first  first flex_column_div avia-link-column av-column-link  '    data-link-column-url=\"https:\/\/www.bedandbreakfastsauerland.com\/bed-breakfast\/\"   ><a class=\"av-screen-reader-only\" href=https:\/\/www.bedandbreakfastsauerland.com\/bed-breakfast\/ >Link zu: Bed &#038; Breakfast<\/a><p>\n<style type=\"text\/css\" data-created_by=\"avia_inline_auto\" id=\"style-css-av-idukyr-ef3d16b677ead1b1013804174df2ec57\">\n.avia-image-container.av-idukyr-ef3d16b677ead1b1013804174df2ec57 img.avia_image{\nbox-shadow:none;\n}\n.avia-image-container.av-idukyr-ef3d16b677ead1b1013804174df2ec57 .av-image-caption-overlay-center{\ncolor:#ffffff;\n}\n<\/style>\n<div  class='avia-image-container av-idukyr-ef3d16b677ead1b1013804174df2ec57 av-styling- avia-align-center  avia-builder-el-26  el_before_av_heading  avia-builder-el-first '   itemprop=\"image\" itemscope=\"itemscope\" itemtype=\"https:\/\/schema.org\/ImageObject\" ><div class=\"avia-image-container-inner\"><div class=\"avia-image-overlay-wrap\"><img decoding=\"async\" fetchpriority=\"high\" class='wp-image-3217 avia-img-lazy-loading-not-3217 avia_image ' src=\"https:\/\/www.bedandbreakfastsauerland.com\/wp-content\/uploads\/2024\/03\/Huis-2019-met-terras-600x480.jpg\" alt='' title='Huis 2019 met terras'  height=\"480\" width=\"600\"  itemprop=\"thumbnailUrl\"  \/><\/div><\/div><\/div><br \/>\n\n<style type=\"text\/css\" data-created_by=\"avia_inline_auto\" id=\"style-css-av-hw7alf-6d4d8f87657b4495a1db2aa91e490955\">\n#top .av-special-heading.av-hw7alf-6d4d8f87657b4495a1db2aa91e490955{\npadding-bottom:10px;\n}\nbody .av-special-heading.av-hw7alf-6d4d8f87657b4495a1db2aa91e490955 .av-special-heading-tag .heading-char{\nfont-size:25px;\n}\n.av-special-heading.av-hw7alf-6d4d8f87657b4495a1db2aa91e490955 .av-subheading{\nfont-size:15px;\n}\n<\/style>\n<div  class='av-special-heading av-hw7alf-6d4d8f87657b4495a1db2aa91e490955 av-special-heading-h3 blockquote modern-quote modern-centered  avia-builder-el-27  el_after_av_image  el_before_av_textblock '><h3 class='av-special-heading-tag'  itemprop=\"headline\"  >Bed <span class='special_amp'>&amp;<\/span> Breakfast<\/h3><div class=\"special-heading-border\"><div class=\"special-heading-inner-border\"><\/div><\/div><\/div><br \/>\n<section  class='av_textblock_section av-fwsckz-9e3e9b5c424ca2bb6f4bf7492f81cfdc '   itemscope=\"itemscope\" itemtype=\"https:\/\/schema.org\/CreativeWork\" ><div class='avia_textblock'  itemprop=\"text\" ><p>Unser Bauernhof befindet sich in einem authentischen Bauerndorf im Herzen des Hochsauerlandes, in Gr\u00f6nebach.<\/p>\n<\/div><\/section><\/p><\/div><div  class='flex_column av-7ke3b7-9ed3b2029c6d8b79d37a2bcad2e6b765 av_one_third  avia-builder-el-29  el_after_av_one_third  el_before_av_one_third  flex_column_div avia-link-column av-column-link  '    data-link-column-url=\"https:\/\/www.bedandbreakfastsauerland.com\/theehuis\/\"   ><a class=\"av-screen-reader-only\" href=https:\/\/www.bedandbreakfastsauerland.com\/theehuis\/ >Link zu: Theehuis<\/a><p>\n<style type=\"text\/css\" data-created_by=\"avia_inline_auto\" id=\"style-css-av-lz69v-6601b6d54d3a3796ae60949d8f44e00e\">\n.avia-image-container.av-lz69v-6601b6d54d3a3796ae60949d8f44e00e img.avia_image{\nbox-shadow:none;\n}\n.avia-image-container.av-lz69v-6601b6d54d3a3796ae60949d8f44e00e .av-image-caption-overlay-center{\ncolor:#ffffff;\n}\n<\/style>\n<div  class='avia-image-container av-lz69v-6601b6d54d3a3796ae60949d8f44e00e av-styling- avia-align-center  avia-builder-el-30  el_before_av_heading  avia-builder-el-first '   itemprop=\"image\" itemscope=\"itemscope\" itemtype=\"https:\/\/schema.org\/ImageObject\" ><div class=\"avia-image-container-inner\"><div class=\"avia-image-overlay-wrap\"><img decoding=\"async\" fetchpriority=\"high\" class='wp-image-3463 avia-img-lazy-loading-not-3463 avia_image ' src=\"https:\/\/www.bedandbreakfastsauerland.com\/wp-content\/uploads\/2024\/05\/foto1-600x480.jpg\" alt='' title='foto1'  height=\"480\" width=\"600\"  itemprop=\"thumbnailUrl\"  \/><\/div><\/div><\/div><br \/>\n\n<style type=\"text\/css\" data-created_by=\"avia_inline_auto\" id=\"style-css-av-3oxikj-048169c169017c3abd3b141753ef0687\">\n#top .av-special-heading.av-3oxikj-048169c169017c3abd3b141753ef0687{\npadding-bottom:10px;\n}\nbody .av-special-heading.av-3oxikj-048169c169017c3abd3b141753ef0687 .av-special-heading-tag .heading-char{\nfont-size:25px;\n}\n.av-special-heading.av-3oxikj-048169c169017c3abd3b141753ef0687 .av-subheading{\nfont-size:15px;\n}\n<\/style>\n<div  class='av-special-heading av-3oxikj-048169c169017c3abd3b141753ef0687 av-special-heading-h3 blockquote modern-quote modern-centered  avia-builder-el-31  el_after_av_image  el_before_av_textblock '><h3 class='av-special-heading-tag'  itemprop=\"headline\"  >Teehaus<\/h3><div class=\"special-heading-border\"><div class=\"special-heading-inner-border\"><\/div><\/div><\/div><br \/>\n<section  class='av_textblock_section av-2nma37-9ca449f0e91541167429ab6b3d1bf774 '   itemscope=\"itemscope\" itemtype=\"https:\/\/schema.org\/CreativeWork\" ><div class='avia_textblock'  itemprop=\"text\" ><p>Machen Sie eine Pause w\u00e4hrend oder nach einer sch\u00f6nen Fahrradtour, einem sch\u00f6nen Spaziergang, wenn Sie mit dem Auto oder Motorrad unterwegs sind.<\/p>\n<\/div><\/section><\/p><\/div><div  class='flex_column av-e4otlf-1fb0011abc205514c3a42ad32788395d av_one_third  avia-builder-el-33  el_after_av_one_third  avia-builder-el-last  flex_column_div avia-link-column av-column-link  '    data-link-column-url=\"https:\/\/www.bedandbreakfastsauerland.com\/trekkershut\/\"   ><a class=\"av-screen-reader-only\" href=https:\/\/www.bedandbreakfastsauerland.com\/trekkershut\/ >Link zu: Trekkershut<\/a><p>\n<style type=\"text\/css\" data-created_by=\"avia_inline_auto\" id=\"style-css-av-cylwk3-5c9168c7b9bec26cffc69f6ab1a1ce0a\">\n.avia-image-container.av-cylwk3-5c9168c7b9bec26cffc69f6ab1a1ce0a img.avia_image{\nbox-shadow:none;\n}\n.avia-image-container.av-cylwk3-5c9168c7b9bec26cffc69f6ab1a1ce0a .av-image-caption-overlay-center{\ncolor:#ffffff;\n}\n<\/style>\n<div  class='avia-image-container av-cylwk3-5c9168c7b9bec26cffc69f6ab1a1ce0a av-styling- avia-align-center  avia-builder-el-34  el_before_av_heading  avia-builder-el-first '   itemprop=\"image\" itemscope=\"itemscope\" itemtype=\"https:\/\/schema.org\/ImageObject\" ><div class=\"avia-image-container-inner\"><div class=\"avia-image-overlay-wrap\"><img decoding=\"async\" fetchpriority=\"high\" class='wp-image-4008 avia-img-lazy-loading-not-4008 avia_image ' src=\"https:\/\/www.bedandbreakfastsauerland.com\/wp-content\/uploads\/2024\/07\/Schnitzel1-800x600.jpg\" alt='' title='Schnitzel1'  height=\"600\" width=\"800\"  itemprop=\"thumbnailUrl\"  \/><\/div><\/div><\/div><br \/>\n\n<style type=\"text\/css\" data-created_by=\"avia_inline_auto\" id=\"style-css-av-annsk3-0f0c7553fa2d86c580abed48a9645633\">\n#top .av-special-heading.av-annsk3-0f0c7553fa2d86c580abed48a9645633{\npadding-bottom:10px;\n}\nbody .av-special-heading.av-annsk3-0f0c7553fa2d86c580abed48a9645633 .av-special-heading-tag .heading-char{\nfont-size:25px;\n}\n.av-special-heading.av-annsk3-0f0c7553fa2d86c580abed48a9645633 .av-subheading{\nfont-size:15px;\n}\n<\/style>\n<div  class='av-special-heading av-annsk3-0f0c7553fa2d86c580abed48a9645633 av-special-heading-h3 blockquote modern-quote modern-centered  avia-builder-el-35  el_after_av_image  el_before_av_textblock '><h3 class='av-special-heading-tag'  itemprop=\"headline\"  >Schnitzelhaus<\/h3><div class=\"special-heading-border\"><div class=\"special-heading-inner-border\"><\/div><\/div><\/div><br \/>\n<section  class='av_textblock_section av-9smgsj-307c523ce256768df410d9a3b7c70a32 '   itemscope=\"itemscope\" itemtype=\"https:\/\/schema.org\/CreativeWork\" ><div class='avia_textblock'  itemprop=\"text\" ><p>Wenn Sie abends noch nicht gehen wollen, k\u00f6nnen Sie bei uns ein Schnitzel oder einen Hamburger genie\u00dfen.<\/p>\n<\/div><\/section><\/p><\/div>\n<\/div><\/div><\/div><!-- close content main div --><\/div><\/div><div id='after_section_6'  class='main_color av_default_container_wrap container_wrap sidebar_right'  ><div class='container av-section-cont-open' ><div class='template-page content  av-content-small alpha units'><div class='post-entry post-entry-type-page post-entry-4135'><div class='entry-content-wrapper clearfix'><\/p>\n","protected":false},"excerpt":{"rendered":"","protected":false},"author":1,"featured_media":0,"parent":0,"menu_order":20,"comment_status":"closed","ping_status":"closed","template":"","meta":{"_acf_changed":false,"footnotes":""},"class_list":["post-4135","page","type-page","status-publish","hentry"],"acf":[],"_links":{"self":[{"href":"https:\/\/www.bedandbreakfastsauerland.com\/de\/wp-json\/wp\/v2\/pages\/4135","targetHints":{"allow":["GET"]}}],"collection":[{"href":"https:\/\/www.bedandbreakfastsauerland.com\/de\/wp-json\/wp\/v2\/pages"}],"about":[{"href":"https:\/\/www.bedandbreakfastsauerland.com\/de\/wp-json\/wp\/v2\/types\/page"}],"author":[{"embeddable":true,"href":"https:\/\/www.bedandbreakfastsauerland.com\/de\/wp-json\/wp\/v2\/users\/1"}],"replies":[{"embeddable":true,"href":"https:\/\/www.bedandbreakfastsauerland.com\/de\/wp-json\/wp\/v2\/comments?post=4135"}],"version-history":[{"count":0,"href":"https:\/\/www.bedandbreakfastsauerland.com\/de\/wp-json\/wp\/v2\/pages\/4135\/revisions"}],"wp:attachment":[{"href":"https:\/\/www.bedandbreakfastsauerland.com\/de\/wp-json\/wp\/v2\/media?parent=4135"}],"curies":[{"name":"wp","href":"https:\/\/api.w.org\/{rel}","templated":true}]}}