{"id":4125,"date":"2024-06-18T15:09:58","date_gmt":"2024-06-18T13:09:58","guid":{"rendered":"https:\/\/www.bedandbreakfastsauerland.com\/winter-aktivitaeten\/"},"modified":"2024-08-18T12:52:13","modified_gmt":"2024-08-18T10:52:13","slug":"winter-aktivitaeten","status":"publish","type":"page","link":"https:\/\/www.bedandbreakfastsauerland.com\/de\/winter-aktivitaeten\/","title":{"rendered":"Winter-Aktivit\u00e4ten"},"content":{"rendered":"\n<style type=\"text\/css\" data-created_by=\"avia_inline_auto\" id=\"style-css-av-4xropp-bf8b71b2f027396d61aa4a2822ca364b\">\n.avia-section.av-4xropp-bf8b71b2f027396d61aa4a2822ca364b{\nbackground-repeat:no-repeat;\nbackground-image:url(https:\/\/www.bedandbreakfastsauerland.com\/wp-content\/uploads\/2024\/03\/wood-scaled.jpg);\nbackground-position:0% 0%;\nbackground-attachment:scroll;\n}\n<\/style>\n<div id='av_section_1'  class='avia-section av-4xropp-bf8b71b2f027396d61aa4a2822ca364b main_color avia-section-default avia-no-border-styling  avia-builder-el-0  el_before_av_section  avia-builder-el-first  vdlp-header avia-full-stretch avia-bg-style-scroll container_wrap sidebar_right'  data-section-bg-repeat='stretch'><div class='container av-section-cont-open' ><main  role=\"main\" itemprop=\"mainContentOfPage\"  class='template-page content  av-content-small alpha units'><div class='post-entry post-entry-type-page post-entry-4125'><div class='entry-content-wrapper clearfix'>\n<div  class='flex_column av-2z7tj1-e8ad189281f0b327fd159b674a9419a4 av_one_full  avia-builder-el-1  avia-builder-el-no-sibling  first flex_column_div  '     ><style type=\"text\/css\" data-created_by=\"avia_inline_auto\" id=\"style-css-av-lxkf8pvc-7e6de3939d0fa7b1ad64401e0115e2d2\">\n#top .av-special-heading.av-lxkf8pvc-7e6de3939d0fa7b1ad64401e0115e2d2{\npadding-bottom:10px;\n}\nbody .av-special-heading.av-lxkf8pvc-7e6de3939d0fa7b1ad64401e0115e2d2 .av-special-heading-tag .heading-char{\nfont-size:25px;\n}\n.av-special-heading.av-lxkf8pvc-7e6de3939d0fa7b1ad64401e0115e2d2 .av-subheading{\nfont-size:15px;\n}\n<\/style>\n<div  class='av-special-heading av-lxkf8pvc-7e6de3939d0fa7b1ad64401e0115e2d2 av-special-heading-h1 blockquote modern-quote modern-centered  avia-builder-el-2  avia-builder-el-no-sibling '><h1 class='av-special-heading-tag'  itemprop=\"headline\"  >Winter-Aktivit\u00e4ten<\/h1><div class=\"special-heading-border\"><div class=\"special-heading-inner-border\"><\/div><\/div><\/div><\/div>\n\n<\/div><\/div><\/main><!-- close content main element --><\/div><\/div><div id='av_section_2'  class='avia-section av-5x5wml-2f190478465a36c6c887a76eefe6c314 main_color avia-section-default avia-no-border-styling  avia-builder-el-3  el_after_av_section  el_before_av_section  avia-bg-style-scroll container_wrap sidebar_right'  ><div class='container av-section-cont-open' ><div class='template-page content  av-content-small alpha units'><div class='post-entry post-entry-type-page post-entry-4125'><div class='entry-content-wrapper clearfix'>\n<div class='flex_column_table av-43f0al-998c1630ea70d02c92305e7166ada271 sc-av_one_half av-equal-height-column-flextable'><div  class='flex_column av-43f0al-998c1630ea70d02c92305e7166ada271 av_one_half  avia-builder-el-4  el_before_av_one_half  avia-builder-el-first  first flex_column_table_cell av-equal-height-column av-align-middle  '     ><p>\n<style type=\"text\/css\" data-created_by=\"avia_inline_auto\" id=\"style-css-av-lxop5wt0-4cd50e7f682e277bb2287ba2b068b952\">\n#top .av-special-heading.av-lxop5wt0-4cd50e7f682e277bb2287ba2b068b952{\npadding-bottom:10px;\n}\nbody .av-special-heading.av-lxop5wt0-4cd50e7f682e277bb2287ba2b068b952 .av-special-heading-tag .heading-char{\nfont-size:25px;\n}\n.av-special-heading.av-lxop5wt0-4cd50e7f682e277bb2287ba2b068b952 .av-subheading{\nfont-size:15px;\n}\n<\/style>\n<div  class='av-special-heading av-lxop5wt0-4cd50e7f682e277bb2287ba2b068b952 av-special-heading-h3 blockquote modern-quote  avia-builder-el-5  el_before_av_textblock  avia-builder-el-first '><h3 class='av-special-heading-tag'  itemprop=\"headline\"  >Skifahren<\/h3><div class=\"special-heading-border\"><div class=\"special-heading-inner-border\"><\/div><\/div><\/div><br \/>\n<section  class='av_textblock_section av-lxop6siy-a982f5b1e740b5c53469d0347ac295ad '   itemscope=\"itemscope\" itemtype=\"https:\/\/schema.org\/CreativeWork\" ><div class='avia_textblock'  itemprop=\"text\" ><p>Das Skiliftkarussell Winterberg ist das gr\u00f6\u00dfte zusammenh\u00e4ngende Skigebiet in Norddeutschland. Es verf\u00fcgt \u00fcber 26 Lifte und 30 Abfahrten mit rund 27,5 Pistenkilometern. Das Skigebiet verf\u00fcgt jetzt \u00fcber Schnee-Erzeuger, die auch bei Plusgraden Schnee produzieren k\u00f6nnen. Das bedeutet, dass sie bereits Anfang November mit der Beschneiung beginnen und versuchen, die ersten Lifte am ersten Dezemberwochenende in Betrieb zu nehmen. Dadurch hat das Skigebiet mehr Skifahren zu bieten. <a href=\"https:\/\/www.skiliftkarussell.de\/ski\/\">Skigebiet Winterberg<\/a><\/p>\n<p>Es gibt auch eine niederl\u00e4ndische Skischule, n\u00e4mlich die Skischule Der Brabander. <a href=\"https:\/\/skiplezier.nl\">Skischule Der Brabander<\/a><\/p>\n<p>Gr\u00f6nebach liegt nur 4 Kilometer vom ersten Skilift des Skiliftkarussells Winterberg entfernt.<\/p>\n<p>Hier kann man nicht nur tags\u00fcber Ski fahren, sondern auch an zwei Abenden in der Woche. N\u00e4mlich dienstags und samstags, das gibt eine ganz besondere Atmosph\u00e4re.<\/p>\n<\/div><\/section><\/p><\/div><div class='av-flex-placeholder'><\/div><div  class='flex_column av-1wpael-25911c4526fef18437a1965d9d837f1a av_one_half  avia-builder-el-7  el_after_av_one_half  avia-builder-el-last  flex_column_table_cell av-equal-height-column av-align-middle  '     ><style type=\"text\/css\" data-created_by=\"avia_inline_auto\" id=\"style-css-av-lxop7q5u-1a8368816f364010f581c364e3791f21\">\n.avia-image-container.av-lxop7q5u-1a8368816f364010f581c364e3791f21 img.avia_image{\nbox-shadow:none;\n}\n.avia-image-container.av-lxop7q5u-1a8368816f364010f581c364e3791f21 .av-image-caption-overlay-center{\ncolor:#ffffff;\n}\n<\/style>\n<div  class='avia-image-container av-lxop7q5u-1a8368816f364010f581c364e3791f21 av-styling- avia-align-center  avia-builder-el-8  avia-builder-el-no-sibling '   itemprop=\"image\" itemscope=\"itemscope\" itemtype=\"https:\/\/schema.org\/ImageObject\" ><div class=\"avia-image-container-inner\"><div class=\"avia-image-overlay-wrap\"><img decoding=\"async\" fetchpriority=\"high\" class='wp-image-3925 avia-img-lazy-loading-not-3925 avia_image ' src=\"https:\/\/www.bedandbreakfastsauerland.com\/wp-content\/uploads\/2024\/06\/Inge-ski-800x600.jpg\" alt='' title='Inge ski'  height=\"600\" width=\"800\"  itemprop=\"thumbnailUrl\" srcset=\"https:\/\/www.bedandbreakfastsauerland.com\/wp-content\/uploads\/2024\/06\/Inge-ski-800x600.jpg 800w, https:\/\/www.bedandbreakfastsauerland.com\/wp-content\/uploads\/2024\/06\/Inge-ski-300x225.jpg 300w, https:\/\/www.bedandbreakfastsauerland.com\/wp-content\/uploads\/2024\/06\/Inge-ski-1030x773.jpg 1030w, https:\/\/www.bedandbreakfastsauerland.com\/wp-content\/uploads\/2024\/06\/Inge-ski-768x576.jpg 768w, https:\/\/www.bedandbreakfastsauerland.com\/wp-content\/uploads\/2024\/06\/Inge-ski-1536x1152.jpg 1536w, https:\/\/www.bedandbreakfastsauerland.com\/wp-content\/uploads\/2024\/06\/Inge-ski-1500x1125.jpg 1500w, https:\/\/www.bedandbreakfastsauerland.com\/wp-content\/uploads\/2024\/06\/Inge-ski.jpg 2048w\" sizes=\"(max-width: 800px) 100vw, 800px\" \/><\/div><\/div><\/div><\/div><\/div><!--close column table wrapper. Autoclose: 1 -->\n\n<p><\/div><\/div><\/div><!-- close content main div --><\/div><\/div><div id='av_section_3'  class='avia-section av-3u8pv1-ab201f31771f63ef84bc0924e17e980f main_color avia-section-default avia-no-border-styling  avia-builder-el-9  el_after_av_section  el_before_av_section  avia-bg-style-scroll container_wrap sidebar_right'  ><div class='container av-section-cont-open' ><div class='template-page content  av-content-small alpha units'><div class='post-entry post-entry-type-page post-entry-4125'><div class='entry-content-wrapper clearfix'>\n<div class='flex_column_table av-lxopf6qq-bc6923f4da229a4f493cb87390c18080 sc-av_one_half av-mobile-columns-flex av-columns-reverse av-equal-height-column-flextable'><div  class='flex_column av-lxopf6qq-bc6923f4da229a4f493cb87390c18080 av_one_half  avia-builder-el-10  el_before_av_one_half  avia-builder-el-first  first flex_column_table_cell av-equal-height-column av-align-middle  '     ><style type=\"text\/css\" data-created_by=\"avia_inline_auto\" id=\"style-css-av-lxopei0b-522087c564c2aee47b43189ed108a2f1\">\n.avia-image-container.av-lxopei0b-522087c564c2aee47b43189ed108a2f1 img.avia_image{\nbox-shadow:none;\n}\n.avia-image-container.av-lxopei0b-522087c564c2aee47b43189ed108a2f1 .av-image-caption-overlay-center{\ncolor:#ffffff;\n}\n<\/style>\n<div  class='avia-image-container av-lxopei0b-522087c564c2aee47b43189ed108a2f1 av-styling- avia-align-center  avia-builder-el-11  avia-builder-el-no-sibling '   itemprop=\"image\" itemscope=\"itemscope\" itemtype=\"https:\/\/schema.org\/ImageObject\" ><div class=\"avia-image-container-inner\"><div class=\"avia-image-overlay-wrap\"><img decoding=\"async\" fetchpriority=\"high\" class='wp-image-3930 avia-img-lazy-loading-not-3930 avia_image ' src=\"https:\/\/www.bedandbreakfastsauerland.com\/wp-content\/uploads\/2024\/06\/PICT0074-600x480.jpg\" alt='' title='MINOLTA DIGITAL CAMERA'  height=\"480\" width=\"600\"  itemprop=\"thumbnailUrl\"  \/><\/div><\/div><\/div><\/div><div class='av-flex-placeholder'><\/div><div  class='flex_column av-bdoa5-bce8c4b5492e93d88b4c81dfea8c8628 av_one_half  avia-builder-el-12  el_after_av_one_half  avia-builder-el-last  flex_column_table_cell av-equal-height-column av-align-middle  '     ><section  class='av_textblock_section av-lxopexuh-29d4ae2f16f1dee603bcda9cfbcbb0cd '   itemscope=\"itemscope\" itemtype=\"https:\/\/schema.org\/CreativeWork\" ><div class='avia_textblock'  itemprop=\"text\" ><p>Skilanglauf<\/p>\n<p>Winterberg und seine Umgebung bieten auch viele M\u00f6glichkeiten f\u00fcr Langl\u00e4ufer, denn es gibt rund 170 km gespurte Loipen aller Schwierigkeitsgrade.<\/p>\n<p>In unmittelbarer N\u00e4he von Gr\u00f6nebach befinden sich viele weitere Langlaufgebiete, wie z.B. Kuhlenberg, Bremberg und Lenneplatze.<\/p>\n<p>Schlittenfahren<\/p>\n<p>Nicht jedes Mal den Schlitten hochziehen und dann in zwei Sekunden wieder runter. Am Skiliftkarussell Winterberg haben Sie sogar zwei Schlittenlifte. Genie\u00dfen Sie es, an einem Rodellift auf Ihrem Schlitten zu sitzen oder mit einem Sessellift nach oben zu fahren und dann spezielle Rodelh\u00e4nge hinunter.<\/p>\n<\/div><\/section><\/div><\/div><!--close column table wrapper. Autoclose: 1 -->\n<\/div><\/div><\/div><!-- close content main div --><\/div><\/div><div id='av_section_4'  class='avia-section av-3jnufx-ddf82bd51293b9a9a907381278de77ed main_color avia-section-default avia-no-border-styling  avia-builder-el-14  el_after_av_section  el_before_av_video  avia-bg-style-scroll container_wrap sidebar_right'  ><div class='container av-section-cont-open' ><div class='template-page content  av-content-small alpha units'><div class='post-entry post-entry-type-page post-entry-4125'><div class='entry-content-wrapper clearfix'>\n<div class='flex_column_table av-lxopl7mx-9975a31df18f144fce2bd1f2666e3dec sc-av_one_half av-equal-height-column-flextable'><div  class='flex_column av-lxopl7mx-9975a31df18f144fce2bd1f2666e3dec av_one_half  avia-builder-el-15  el_before_av_one_half  avia-builder-el-first  first flex_column_table_cell av-equal-height-column av-align-middle  '     ><section  class='av_textblock_section av-lxopkchb-40eab3f0951ee3def719448f51fc2862 '   itemscope=\"itemscope\" itemtype=\"https:\/\/schema.org\/CreativeWork\" ><div class='avia_textblock'  itemprop=\"text\" ><p>Winterwandern<\/p>\n<p>Nicht nur im Sommer ist Winterberg und seine Umgebung als Wandergebiet bekannt, sondern auch im Winter k\u00f6nnen Sie hier wandern. Mit einer durchschnittlichen Schneelage von 90 Tagen ist es ein verwunschenes Land, durch das man wandern kann. Es ist wie ein Spaziergang durch eine Weihnachtskarte. Auch hier sind die Wanderwege gut markiert und sogar 30 km Winterwanderwege werden vom Schnee ger\u00e4umt.<\/p>\n<p>Andere Wintersportarten<\/p>\n<p>Die Bobbahn in Winterberg ist die schnellste Bahn der Welt und deshalb auch bei den Top-Bobfahrern der Welt sehr beliebt. Das bringt jeden Winter Tausende von Zuschauern nach Winterberg. Wenn Sie mehr dar\u00fcber erfahren m\u00f6chten, k\u00f6nnen Sie sich von einem F\u00fchrer \u00fcber die Bobbahn f\u00fchren lassen, oder wenn Sie es einmal ausprobieren m\u00f6chten, gibt es einen Taxibob.<\/p>\n<p>Auch Skispringen ist ein Sport, der in Winterberg viel betrieben wird. Die St.-Georgs-Schanze auf dem Herrloh wird sowohl im Sommer als auch im Winter genutzt.<\/p>\n<p>An der Langlaufstation Bremberg wurde auch eine ganze Biathlonstation gebaut, wo Jung und Alt den alten Sport aus\u00fcben.<\/p>\n<p>Wenn Sie Lust auf etwas anderes haben, gibt es in Willingen auch eine Eislaufhalle.<\/p>\n<\/div><\/section><\/div><div class='av-flex-placeholder'><\/div><div  class='flex_column av-277l8d-e824cddbb342d632f9c2659fa71a3cc9 av_one_half  avia-builder-el-17  el_after_av_one_half  avia-builder-el-last  flex_column_table_cell av-equal-height-column av-align-middle  '     ><style type=\"text\/css\" data-created_by=\"avia_inline_auto\" id=\"style-css-av-lxopl26o-5ad019840d9053cdb62d3abc3bab3a77\">\n.avia-image-container.av-lxopl26o-5ad019840d9053cdb62d3abc3bab3a77 img.avia_image{\nbox-shadow:none;\n}\n.avia-image-container.av-lxopl26o-5ad019840d9053cdb62d3abc3bab3a77 .av-image-caption-overlay-center{\ncolor:#ffffff;\n}\n<\/style>\n<div  class='avia-image-container av-lxopl26o-5ad019840d9053cdb62d3abc3bab3a77 av-styling- avia-align-center  avia-builder-el-18  avia-builder-el-no-sibling '   itemprop=\"image\" itemscope=\"itemscope\" itemtype=\"https:\/\/schema.org\/ImageObject\" ><div class=\"avia-image-container-inner\"><div class=\"avia-image-overlay-wrap\"><img decoding=\"async\" fetchpriority=\"high\" class='wp-image-3936 avia-img-lazy-loading-not-3936 avia_image ' src=\"https:\/\/www.bedandbreakfastsauerland.com\/wp-content\/uploads\/2024\/06\/wandelen-in-de-sneeuw-600x480.jpg\" alt='' title='wandelen in de sneeuw'  height=\"480\" width=\"600\"  itemprop=\"thumbnailUrl\"  \/><\/div><\/div><\/div><\/div><\/div><!--close column table wrapper. Autoclose: 1 -->\n<\/div><\/div><\/div><!-- close content main div --><\/div><\/div><div id='after_section_4'  class='main_color av_default_container_wrap container_wrap sidebar_right'  ><div class='container av-section-cont-open' ><div class='template-page content  av-content-small alpha units'><div class='post-entry post-entry-type-page post-entry-4125'><div class='entry-content-wrapper clearfix'><\/p>\n<div  class='avia-video av-lxootfat-505c8fb432cee9a8c5b97c5c2325e1bf avia-video-16-9 av-no-preview-image avia-video-load-always av-lazyload-immediate av-lazyload-video-embed'  itemprop=\"video\" itemtype=\"https:\/\/schema.org\/VideoObject\"  data-original_url='https:\/\/www.youtube.com\/watch?v=XR0gcub78qM&t=3s'><script type='text\/html' class='av-video-tmpl'><div class='avia-iframe-wrap'><iframe loading=\"lazy\" title=\"Winterberg. Immer eine Erinnerung wert.\" width=\"1778\" height=\"1000\" src=\"https:\/\/www.youtube.com\/embed\/XR0gcub78qM?start=3&feature=oembed&autoplay=0&loop=0&controls=1&mute=0\" frameborder=\"0\" allow=\"accelerometer; autoplay; clipboard-write; encrypted-media; gyroscope; picture-in-picture; web-share\" referrerpolicy=\"strict-origin-when-cross-origin\" allowfullscreen><\/iframe><\/div><\/script><div class='av-click-to-play-overlay'><div class=\"avia_playpause_icon\"><\/div><\/div><\/div>\n","protected":false},"excerpt":{"rendered":"","protected":false},"author":1,"featured_media":0,"parent":0,"menu_order":0,"comment_status":"closed","ping_status":"closed","template":"","meta":{"_acf_changed":false,"footnotes":""},"class_list":["post-4125","page","type-page","status-publish","hentry"],"acf":[],"_links":{"self":[{"href":"https:\/\/www.bedandbreakfastsauerland.com\/de\/wp-json\/wp\/v2\/pages\/4125","targetHints":{"allow":["GET"]}}],"collection":[{"href":"https:\/\/www.bedandbreakfastsauerland.com\/de\/wp-json\/wp\/v2\/pages"}],"about":[{"href":"https:\/\/www.bedandbreakfastsauerland.com\/de\/wp-json\/wp\/v2\/types\/page"}],"author":[{"embeddable":true,"href":"https:\/\/www.bedandbreakfastsauerland.com\/de\/wp-json\/wp\/v2\/users\/1"}],"replies":[{"embeddable":true,"href":"https:\/\/www.bedandbreakfastsauerland.com\/de\/wp-json\/wp\/v2\/comments?post=4125"}],"version-history":[{"count":0,"href":"https:\/\/www.bedandbreakfastsauerland.com\/de\/wp-json\/wp\/v2\/pages\/4125\/revisions"}],"wp:attachment":[{"href":"https:\/\/www.bedandbreakfastsauerland.com\/de\/wp-json\/wp\/v2\/media?parent=4125"}],"curies":[{"name":"wp","href":"https:\/\/api.w.org\/{rel}","templated":true}]}}