{"id":3270,"date":"2020-01-31T13:18:41","date_gmt":"2020-01-31T12:18:41","guid":{"rendered":"https:\/\/www.bedandbreakfastsauerland.com\/bed-breakfast-im-sauerland\/"},"modified":"2024-07-02T09:34:13","modified_gmt":"2024-07-02T07:34:13","slug":"bed-breakfast-im-sauerland","status":"publish","type":"page","link":"https:\/\/www.bedandbreakfastsauerland.com\/de\/","title":{"rendered":"Bed &#038; Breakfast im Sauerland"},"content":{"rendered":"\n<style type=\"text\/css\" data-created_by=\"avia_inline_auto\" id=\"style-css-av-ltr7e9dd-075078b05482d1bd5dbef2a0739c3c01\">\n.avia-section.av-ltr7e9dd-075078b05482d1bd5dbef2a0739c3c01{\nbackground-repeat:no-repeat;\nbackground-image:url(https:\/\/www.bedandbreakfastsauerland.com\/wp-content\/uploads\/2024\/03\/wood-scaled.jpg);\nbackground-position:0% 0%;\nbackground-attachment:scroll;\n}\n<\/style>\n<div id='av_section_1'  class='avia-section av-ltr7e9dd-075078b05482d1bd5dbef2a0739c3c01 main_color avia-section-default avia-no-border-styling  avia-builder-el-0  el_before_av_section  avia-builder-el-first  vdlp-header-home avia-full-stretch avia-bg-style-scroll container_wrap sidebar_right'  data-section-bg-repeat='stretch'><div class='container av-section-cont-open' ><main  role=\"main\" itemprop=\"mainContentOfPage\"  class='template-page content  av-content-small alpha units'><div class='post-entry post-entry-type-page post-entry-3270'><div class='entry-content-wrapper clearfix'>\n<div  class='flex_column av-1i5pa-1f3aed3b48929babebd14b89979332ef av_one_full  avia-builder-el-1  avia-builder-el-no-sibling  first flex_column_div  '     ><p>\n<style type=\"text\/css\" data-created_by=\"avia_inline_auto\" id=\"style-css-av-ltr8x2in-fd1648053216baa435dbf984f113fddc\">\n.avia-image-container.av-ltr8x2in-fd1648053216baa435dbf984f113fddc img.avia_image{\nbox-shadow:none;\n}\n.avia-image-container.av-ltr8x2in-fd1648053216baa435dbf984f113fddc .av-image-caption-overlay-center{\ncolor:#ffffff;\n}\n<\/style>\n<div  class='avia-image-container av-ltr8x2in-fd1648053216baa435dbf984f113fddc av-styling- avia-align-center  avia-builder-el-2  el_before_av_heading  avia-builder-el-first '   itemprop=\"image\" itemscope=\"itemscope\" itemtype=\"https:\/\/schema.org\/ImageObject\" ><div class=\"avia-image-container-inner\"><div class=\"avia-image-overlay-wrap\"><img decoding=\"async\" fetchpriority=\"high\" class='wp-image-3203 avia-img-lazy-loading-not-3203 avia_image ' src=\"https:\/\/www.bedandbreakfastsauerland.com\/wp-content\/uploads\/2024\/03\/logo-1.png\" alt='' title='logo'  height=\"183\" width=\"292\"  itemprop=\"thumbnailUrl\"  \/><\/div><\/div><\/div><br \/>\n\n<style type=\"text\/css\" data-created_by=\"avia_inline_auto\" id=\"style-css-av-oine-19a1d282b7308c1679252aa0d3a0d713\">\n#top .av-special-heading.av-oine-19a1d282b7308c1679252aa0d3a0d713{\npadding-bottom:10px;\n}\nbody .av-special-heading.av-oine-19a1d282b7308c1679252aa0d3a0d713 .av-special-heading-tag .heading-char{\nfont-size:25px;\n}\n.av-special-heading.av-oine-19a1d282b7308c1679252aa0d3a0d713 .av-subheading{\nfont-size:15px;\n}\n<\/style>\n<div  class='av-special-heading av-oine-19a1d282b7308c1679252aa0d3a0d713 av-special-heading-h1 blockquote modern-quote modern-centered  avia-builder-el-3  el_after_av_image  avia-builder-el-last '><h1 class='av-special-heading-tag'  itemprop=\"headline\"  >Bed <span class='special_amp'>&amp;<\/span> Breakfast im Sauerland<\/h1><div class=\"special-heading-border\"><div class=\"special-heading-inner-border\"><\/div><\/div><\/div><\/p><\/div>\n\n<\/div><\/div><\/main><!-- close content main element --><\/div><\/div><div id='av_section_2'  class='avia-section av-ltraqn96-fdb46c3ffb19bbb18a6098fe146d2631 main_color avia-section-large avia-no-border-styling  avia-builder-el-4  el_after_av_section  el_before_av_section  vdlp-center avia-bg-style-scroll container_wrap sidebar_right'  ><div class='container av-section-cont-open' ><div class='template-page content  av-content-small alpha units'><div class='post-entry post-entry-type-page post-entry-3270'><div class='entry-content-wrapper clearfix'>\n<div  class='flex_column av-2cx9i-20e8c91a3c5d72f5e298ad7d7dacc63a av_three_fourth  avia-builder-el-5  avia-builder-el-no-sibling  first flex_column_div  '     ><p>\n<style type=\"text\/css\" data-created_by=\"avia_inline_auto\" id=\"style-css-av-1oyoq-6bbe7aa9104bf3b6ddd2685ccbdec5b6\">\n#top .av-special-heading.av-1oyoq-6bbe7aa9104bf3b6ddd2685ccbdec5b6{\npadding-bottom:10px;\n}\nbody .av-special-heading.av-1oyoq-6bbe7aa9104bf3b6ddd2685ccbdec5b6 .av-special-heading-tag .heading-char{\nfont-size:25px;\n}\n.av-special-heading.av-1oyoq-6bbe7aa9104bf3b6ddd2685ccbdec5b6 .av-subheading{\nfont-size:15px;\n}\n<\/style>\n<div  class='av-special-heading av-1oyoq-6bbe7aa9104bf3b6ddd2685ccbdec5b6 av-special-heading-h2 blockquote modern-quote modern-centered  avia-builder-el-6  el_before_av_textblock  avia-builder-el-first '><h2 class='av-special-heading-tag'  itemprop=\"headline\"  >Bed and Breakfast Isidorus, Teehaus Isidorus <span class='special_amp'>&amp;<\/span> das kleine Schnitzelhaus<\/h2><div class=\"special-heading-border\"><div class=\"special-heading-inner-border\"><\/div><\/div><\/div><br \/>\n<section  class='av_textblock_section av-96y-436655063e450ba74af9883f8a825b56 '   itemscope=\"itemscope\" itemtype=\"https:\/\/schema.org\/CreativeWork\" ><div class='avia_textblock vdlp-intro'  itemprop=\"text\" ><p style=\"text-align: center;\">Das Bed and Breakfast Isidorus, unser Teehaus &amp; Das kleine Schnitzelhaus liegen mitten im charmanten Dorf Gr\u00f6nebach. Ein Bett erwartet Sie und ein herzhaftes Fr\u00fchst\u00fcck am Morgen, damit Sie den Tag in vollen Z\u00fcgen genie\u00dfen k\u00f6nnen.<\/p>\n<\/div><\/section><\/p><\/div>\n\n<p><\/div><\/div><\/div><!-- close content main div --><\/div><\/div><div id='av_section_3'  class='avia-section av-lu13zlbl-47eab9335facc5b3c15a9d825b04dc72 main_color avia-section-no-padding avia-no-border-styling  avia-builder-el-8  el_after_av_section  el_before_av_section  vdlp-cards section-overlay-primary avia-bg-style-scroll container_wrap sidebar_right'  ><div class='container av-section-cont-open' ><div class='template-page content  av-content-small alpha units'><div class='post-entry post-entry-type-page post-entry-3270'><div class='entry-content-wrapper clearfix'>\n<div  class='flex_column av-1w40m-96c2d90d868045fced7652df857d0007 av_one_fourth  avia-builder-el-9  el_before_av_one_fourth  avia-builder-el-first  first flex_column_div avia-link-column av-column-link  '    data-link-column-url=\"https:\/\/www.bedandbreakfastsauerland.com\/bed-breakfast\/\"   ><a class=\"av-screen-reader-only\" href=https:\/\/www.bedandbreakfastsauerland.com\/bed-breakfast\/ >Link zu: Bed &#038; Breakfast<\/a><p>\n<style type=\"text\/css\" data-created_by=\"avia_inline_auto\" id=\"style-css-av-lu143xp9-9cc778a9e2ae4dae894d22f39dc3010f\">\n.avia-image-container.av-lu143xp9-9cc778a9e2ae4dae894d22f39dc3010f img.avia_image{\nbox-shadow:none;\n}\n.avia-image-container.av-lu143xp9-9cc778a9e2ae4dae894d22f39dc3010f .av-image-caption-overlay-center{\ncolor:#ffffff;\n}\n<\/style>\n<div  class='avia-image-container av-lu143xp9-9cc778a9e2ae4dae894d22f39dc3010f av-styling- avia-align-center  avia-builder-el-10  el_before_av_heading  avia-builder-el-first '   itemprop=\"image\" itemscope=\"itemscope\" itemtype=\"https:\/\/schema.org\/ImageObject\" ><div class=\"avia-image-container-inner\"><div class=\"avia-image-overlay-wrap\"><img decoding=\"async\" fetchpriority=\"high\" class='wp-image-3217 avia-img-lazy-loading-not-3217 avia_image ' src=\"https:\/\/www.bedandbreakfastsauerland.com\/wp-content\/uploads\/2024\/03\/Huis-2019-met-terras-600x480.jpg\" alt='' title='Huis 2019 met terras'  height=\"480\" width=\"600\"  itemprop=\"thumbnailUrl\"  \/><\/div><\/div><\/div><br \/>\n\n<style type=\"text\/css\" data-created_by=\"avia_inline_auto\" id=\"style-css-av-1mocu-c791582206056a33c5a92067dfeda9cf\">\n#top .av-special-heading.av-1mocu-c791582206056a33c5a92067dfeda9cf{\npadding-bottom:10px;\n}\nbody .av-special-heading.av-1mocu-c791582206056a33c5a92067dfeda9cf .av-special-heading-tag .heading-char{\nfont-size:25px;\n}\n.av-special-heading.av-1mocu-c791582206056a33c5a92067dfeda9cf .av-subheading{\nfont-size:15px;\n}\n<\/style>\n<div  class='av-special-heading av-1mocu-c791582206056a33c5a92067dfeda9cf av-special-heading-h3 blockquote modern-quote modern-centered  avia-builder-el-11  el_after_av_image  el_before_av_textblock '><h3 class='av-special-heading-tag'  itemprop=\"headline\"  >Bed <span class='special_amp'>&amp;<\/span> Breakfast<\/h3><div class=\"special-heading-border\"><div class=\"special-heading-inner-border\"><\/div><\/div><\/div><br \/>\n<section  class='av_textblock_section av-2pru-bd29393331d03bd404f7fc3df2c0a49c '   itemscope=\"itemscope\" itemtype=\"https:\/\/schema.org\/CreativeWork\" ><div class='avia_textblock'  itemprop=\"text\" ><p style=\"text-align: center;\">Unser Bauernhof befindet sich in einem authentischen Bauerndorf im Herzen des Hochsauerlandes, in Gr\u00f6nebach.<\/p>\n<\/div><\/section><\/p><\/div><div  class='flex_column av-1phii-5cb104bfd90726af2b7b3813ed1e2d42 av_one_fourth  avia-builder-el-13  el_after_av_one_fourth  el_before_av_one_fourth  flex_column_div avia-link-column av-column-link  '    data-link-column-url=\"https:\/\/www.bedandbreakfastsauerland.com\/trekkershut\/\"   ><a class=\"av-screen-reader-only\" href=https:\/\/www.bedandbreakfastsauerland.com\/trekkershut\/ >Link zu: Trekkershut<\/a><p>\n<style type=\"text\/css\" data-created_by=\"avia_inline_auto\" id=\"style-css-av-zyau-42f1e8d57ae97a0307acfa7299b98505\">\n.avia-image-container.av-zyau-42f1e8d57ae97a0307acfa7299b98505 img.avia_image{\nbox-shadow:none;\n}\n.avia-image-container.av-zyau-42f1e8d57ae97a0307acfa7299b98505 .av-image-caption-overlay-center{\ncolor:#ffffff;\n}\n<\/style>\n<div  class='avia-image-container av-zyau-42f1e8d57ae97a0307acfa7299b98505 av-styling- avia-align-center  avia-builder-el-14  el_before_av_heading  avia-builder-el-first '   itemprop=\"image\" itemscope=\"itemscope\" itemtype=\"https:\/\/schema.org\/ImageObject\" ><div class=\"avia-image-container-inner\"><div class=\"avia-image-overlay-wrap\"><img decoding=\"async\" fetchpriority=\"high\" class='wp-image-3476 avia-img-lazy-loading-not-3476 avia_image ' src=\"https:\/\/www.bedandbreakfastsauerland.com\/wp-content\/uploads\/2024\/05\/site-hut-600x480.jpg\" alt='' title='site hut'  height=\"480\" width=\"600\"  itemprop=\"thumbnailUrl\"  \/><\/div><\/div><\/div><br \/>\n\n<style type=\"text\/css\" data-created_by=\"avia_inline_auto\" id=\"style-css-av-lu154tf6-6dccde803bfe20deceff6d2fd0042184\">\n#top .av-special-heading.av-lu154tf6-6dccde803bfe20deceff6d2fd0042184{\npadding-bottom:10px;\n}\nbody .av-special-heading.av-lu154tf6-6dccde803bfe20deceff6d2fd0042184 .av-special-heading-tag .heading-char{\nfont-size:25px;\n}\n.av-special-heading.av-lu154tf6-6dccde803bfe20deceff6d2fd0042184 .av-subheading{\nfont-size:15px;\n}\n<\/style>\n<div  class='av-special-heading av-lu154tf6-6dccde803bfe20deceff6d2fd0042184 av-special-heading-h3 blockquote modern-quote modern-centered  avia-builder-el-15  el_after_av_image  el_before_av_textblock '><h3 class='av-special-heading-tag'  itemprop=\"headline\"  >Wanderh\u00fctte<\/h3><div class=\"special-heading-border\"><div class=\"special-heading-inner-border\"><\/div><\/div><\/div><br \/>\n<section  class='av_textblock_section av-lu154kgy-aaaae65f5ec500ebfac9cdbc7061b24f '   itemscope=\"itemscope\" itemtype=\"https:\/\/schema.org\/CreativeWork\" ><div class='avia_textblock'  itemprop=\"text\" ><p style=\"text-align: center;\">Wenn Sie unterwegs sind und eine Unterkunft suchen, k\u00f6nnen Sie eine Wanderh\u00fctte im Stall f\u00fcr eine Nacht oder l\u00e4nger mieten.<\/p>\n<\/div><\/section><\/p><\/div><div  class='flex_column av-20x5y-88ed5f77aa90d330313b4a62640e67d8 av_one_fourth  avia-builder-el-17  el_after_av_one_fourth  el_before_av_one_fourth  flex_column_div avia-link-column av-column-link  '    data-link-column-url=\"https:\/\/www.bedandbreakfastsauerland.com\/theehuis\/\"   ><a class=\"av-screen-reader-only\" href=https:\/\/www.bedandbreakfastsauerland.com\/theehuis\/ >Link zu: Theehuis<\/a><p>\n<style type=\"text\/css\" data-created_by=\"avia_inline_auto\" id=\"style-css-av-1o8ga-529e6ee1e4820a5590e6d5e036423d72\">\n.avia-image-container.av-1o8ga-529e6ee1e4820a5590e6d5e036423d72 img.avia_image{\nbox-shadow:none;\n}\n.avia-image-container.av-1o8ga-529e6ee1e4820a5590e6d5e036423d72 .av-image-caption-overlay-center{\ncolor:#ffffff;\n}\n<\/style>\n<div  class='avia-image-container av-1o8ga-529e6ee1e4820a5590e6d5e036423d72 av-styling- avia-align-center  avia-builder-el-18  el_before_av_heading  avia-builder-el-first '   itemprop=\"image\" itemscope=\"itemscope\" itemtype=\"https:\/\/schema.org\/ImageObject\" ><div class=\"avia-image-container-inner\"><div class=\"avia-image-overlay-wrap\"><img decoding=\"async\" fetchpriority=\"high\" class='wp-image-3463 avia-img-lazy-loading-not-3463 avia_image ' src=\"https:\/\/www.bedandbreakfastsauerland.com\/wp-content\/uploads\/2024\/05\/foto1-600x480.jpg\" alt='' title='foto1'  height=\"480\" width=\"600\"  itemprop=\"thumbnailUrl\"  \/><\/div><\/div><\/div><br \/>\n\n<style type=\"text\/css\" data-created_by=\"avia_inline_auto\" id=\"style-css-av-lu15l9b4-9389c40671bbd74ac9103d15b25d0c3a\">\n#top .av-special-heading.av-lu15l9b4-9389c40671bbd74ac9103d15b25d0c3a{\npadding-bottom:10px;\n}\nbody .av-special-heading.av-lu15l9b4-9389c40671bbd74ac9103d15b25d0c3a .av-special-heading-tag .heading-char{\nfont-size:25px;\n}\n.av-special-heading.av-lu15l9b4-9389c40671bbd74ac9103d15b25d0c3a .av-subheading{\nfont-size:15px;\n}\n<\/style>\n<div  class='av-special-heading av-lu15l9b4-9389c40671bbd74ac9103d15b25d0c3a av-special-heading-h3 blockquote modern-quote modern-centered  avia-builder-el-19  el_after_av_image  el_before_av_textblock '><h3 class='av-special-heading-tag'  itemprop=\"headline\"  >Teehaus<\/h3><div class=\"special-heading-border\"><div class=\"special-heading-inner-border\"><\/div><\/div><\/div><br \/>\n<section  class='av_textblock_section av-10z3u-7b63f13c50cddaa90eee12d490c27943 '   itemscope=\"itemscope\" itemtype=\"https:\/\/schema.org\/CreativeWork\" ><div class='avia_textblock'  itemprop=\"text\" ><p style=\"text-align: center;\">Machen Sie eine Pause w\u00e4hrend oder nach einer sch\u00f6nen Fahrradtour, einem sch\u00f6nen Spaziergang, wenn Sie mit dem Auto oder Motorrad unterwegs sind.<\/p>\n<\/div><\/section><\/p><\/div><div  class='flex_column av-lwswl7p4-88afaea3e2bb43f569d113fb147b0968 av_one_fourth  avia-builder-el-21  el_after_av_one_fourth  avia-builder-el-last  flex_column_div avia-link-column av-column-link  '    data-link-column-url=\"https:\/\/www.bedandbreakfastsauerland.com\/das-kleine-schnitzelhaus\/\"   ><a class=\"av-screen-reader-only\" href=https:\/\/www.bedandbreakfastsauerland.com\/das-kleine-schnitzelhaus\/ >Link zu: Das kleine Schnitzelhaus<\/a><p>\n<style type=\"text\/css\" data-created_by=\"avia_inline_auto\" id=\"style-css-av-1fqie-0ff6afb013087ae6d07080cae2da6c6e\">\n.avia-image-container.av-1fqie-0ff6afb013087ae6d07080cae2da6c6e img.avia_image{\nbox-shadow:none;\n}\n.avia-image-container.av-1fqie-0ff6afb013087ae6d07080cae2da6c6e .av-image-caption-overlay-center{\ncolor:#ffffff;\n}\n<\/style>\n<div  class='avia-image-container av-1fqie-0ff6afb013087ae6d07080cae2da6c6e av-styling- avia-align-center  avia-builder-el-22  el_before_av_heading  avia-builder-el-first '   itemprop=\"image\" itemscope=\"itemscope\" itemtype=\"https:\/\/schema.org\/ImageObject\" ><div class=\"avia-image-container-inner\"><div class=\"avia-image-overlay-wrap\"><img decoding=\"async\" fetchpriority=\"high\" class='wp-image-4008 avia-img-lazy-loading-not-4008 avia_image ' src=\"https:\/\/www.bedandbreakfastsauerland.com\/wp-content\/uploads\/2024\/07\/Schnitzel1-600x480.jpg\" alt='' title='Schnitzel1'  height=\"480\" width=\"600\"  itemprop=\"thumbnailUrl\"  \/><\/div><\/div><\/div><br \/>\n\n<style type=\"text\/css\" data-created_by=\"avia_inline_auto\" id=\"style-css-av-lwswkit9-cb520f485c24f598f9b2fbb40ace8d3a\">\n#top .av-special-heading.av-lwswkit9-cb520f485c24f598f9b2fbb40ace8d3a{\npadding-bottom:10px;\n}\nbody .av-special-heading.av-lwswkit9-cb520f485c24f598f9b2fbb40ace8d3a .av-special-heading-tag .heading-char{\nfont-size:25px;\n}\n.av-special-heading.av-lwswkit9-cb520f485c24f598f9b2fbb40ace8d3a .av-subheading{\nfont-size:15px;\n}\n<\/style>\n<div  class='av-special-heading av-lwswkit9-cb520f485c24f598f9b2fbb40ace8d3a av-special-heading-h3 blockquote modern-quote modern-centered  avia-builder-el-23  el_after_av_image  el_before_av_textblock '><h3 class='av-special-heading-tag'  itemprop=\"headline\"  >Schnitzelhaus<\/h3><div class=\"special-heading-border\"><div class=\"special-heading-inner-border\"><\/div><\/div><\/div><br \/>\n<section  class='av_textblock_section av-r5pm-6ad70e4c5f826bb629dd8feefed957dd '   itemscope=\"itemscope\" itemtype=\"https:\/\/schema.org\/CreativeWork\" ><div class='avia_textblock'  itemprop=\"text\" ><p style=\"text-align: center;\">Wenn Sie abends nicht weg m\u00f6chten, k\u00f6nnen Sie bei uns ein Schnitzel oder einen Hamburger genie\u00dfen.<\/p>\n<\/div><\/section><\/p><\/div>\n<\/div><\/div><\/div><!-- close content main div --><\/div><\/div><div id='av_section_4'  class='avia-section av-13z7i-22782d620136e348a8ef376e3a605274 alternate_color avia-section-large avia-no-border-styling  avia-builder-el-25  el_after_av_section  el_before_av_section  vdlp-center avia-bg-style-scroll container_wrap sidebar_right'  ><div class='container av-section-cont-open' ><div class='template-page content  av-content-small alpha units'><div class='post-entry post-entry-type-page post-entry-3270'><div class='entry-content-wrapper clearfix'>\n\n<style type=\"text\/css\" data-created_by=\"avia_inline_auto\" id=\"style-css-av-25tmq-f8f7bb5f25fd6540db2016f42315d411\">\n.flex_column.av-25tmq-f8f7bb5f25fd6540db2016f42315d411{\nborder-radius:0px 0px 0px 0px;\npadding:0px 0px 0px 0px;\n}\n<\/style>\n<div  class='flex_column av-25tmq-f8f7bb5f25fd6540db2016f42315d411 av_three_fifth  avia-builder-el-26  avia-builder-el-no-sibling  first flex_column_div av-zero-column-padding  '     ><p>\n<style type=\"text\/css\" data-created_by=\"avia_inline_auto\" id=\"style-css-av-vnaa-c2dcd826d7b21f618e3958376fbb906f\">\n#top .av-special-heading.av-vnaa-c2dcd826d7b21f618e3958376fbb906f{\npadding-bottom:10px;\n}\nbody .av-special-heading.av-vnaa-c2dcd826d7b21f618e3958376fbb906f .av-special-heading-tag .heading-char{\nfont-size:25px;\n}\n.av-special-heading.av-vnaa-c2dcd826d7b21f618e3958376fbb906f .av-subheading{\nfont-size:15px;\n}\n<\/style>\n<div  class='av-special-heading av-vnaa-c2dcd826d7b21f618e3958376fbb906f av-special-heading-h3 blockquote modern-quote modern-centered  avia-builder-el-27  el_before_av_textblock  avia-builder-el-first  av-linked-heading'><h3 class='av-special-heading-tag'  itemprop=\"headline\"  >Sauerland<\/h3><div class=\"special-heading-border\"><div class=\"special-heading-inner-border\"><\/div><\/div><\/div><br \/>\n<section  class='av_textblock_section av-12aem-ae5ab926a91d44d01cc800df2764f4c3 '   itemscope=\"itemscope\" itemtype=\"https:\/\/schema.org\/CreativeWork\" ><div class='avia_textblock'  itemprop=\"text\" ><p style=\"text-align: center;\">Das Land der 1.000 Berge, in dem Sie das ganze Jahr \u00fcber ein Urlaubsgef\u00fchl erleben. Ob Sie im Sommer oder im Winter kommen, es ist eine attraktive Landschaft, in der Sie immer wieder staunen werden. Das Sauerland bietet viele M\u00f6glichkeiten f\u00fcr jeden.<\/p>\n<\/div><\/section><br \/>\n<div  class='avia-button-wrap av-lu6u4813-0743795b29892f5a79e62eb790774f6c-wrap avia-button-center  avia-builder-el-29  el_after_av_textblock  avia-builder-el-last '><a href='https:\/\/www.bedandbreakfastsauerland.com\/omgeving\/'  class='avia-button av-lu6u4813-0743795b29892f5a79e62eb790774f6c av-link-btn avia-icon_select-yes-right-icon avia-size-medium avia-position-center avia-color-light'  ><span class='avia_iconbox_title' >Mehr Sauerland<\/span><span class='avia_button_icon avia_button_icon_right' aria-hidden='true' data-av_icon='\ue875' data-av_iconfont='entypo-fontello'><\/span><\/a><\/div><\/p><\/div>\n<\/p>\n<\/div><\/div><\/div><!-- close content main div --><\/div><\/div><div id='av_section_5'  class='avia-section av-lu17lja6-98448e542d6564aea31e2f00f55b9b7c main_color avia-section-default avia-no-border-styling  avia-builder-el-30  el_after_av_section  avia-builder-el-last  vdlp-section-panorama avia-bg-style-scroll container_wrap sidebar_right'  ><div class='container av-section-cont-open' ><div class='template-page content  av-content-small alpha units'><div class='post-entry post-entry-type-page post-entry-3270'><div class='entry-content-wrapper clearfix'>\n\n<\/div><\/div><\/div><!-- close content main div --><\/div><\/div><div id='after_section_5'  class='main_color av_default_container_wrap container_wrap sidebar_right'  ><div class='container av-section-cont-open' ><div class='template-page content  av-content-small alpha units'><div class='post-entry post-entry-type-page post-entry-3270'><div class='entry-content-wrapper clearfix'>\n","protected":false},"excerpt":{"rendered":"","protected":false},"author":1,"featured_media":3451,"parent":0,"menu_order":-1000,"comment_status":"closed","ping_status":"closed","template":"","meta":{"_acf_changed":false,"footnotes":""},"class_list":["post-3270","page","type-page","status-publish","has-post-thumbnail","hentry"],"acf":[],"_links":{"self":[{"href":"https:\/\/www.bedandbreakfastsauerland.com\/de\/wp-json\/wp\/v2\/pages\/3270","targetHints":{"allow":["GET"]}}],"collection":[{"href":"https:\/\/www.bedandbreakfastsauerland.com\/de\/wp-json\/wp\/v2\/pages"}],"about":[{"href":"https:\/\/www.bedandbreakfastsauerland.com\/de\/wp-json\/wp\/v2\/types\/page"}],"author":[{"embeddable":true,"href":"https:\/\/www.bedandbreakfastsauerland.com\/de\/wp-json\/wp\/v2\/users\/1"}],"replies":[{"embeddable":true,"href":"https:\/\/www.bedandbreakfastsauerland.com\/de\/wp-json\/wp\/v2\/comments?post=3270"}],"version-history":[{"count":0,"href":"https:\/\/www.bedandbreakfastsauerland.com\/de\/wp-json\/wp\/v2\/pages\/3270\/revisions"}],"wp:featuredmedia":[{"embeddable":true,"href":"https:\/\/www.bedandbreakfastsauerland.com\/de\/wp-json\/wp\/v2\/media\/3451"}],"wp:attachment":[{"href":"https:\/\/www.bedandbreakfastsauerland.com\/de\/wp-json\/wp\/v2\/media?parent=3270"}],"curies":[{"name":"wp","href":"https:\/\/api.w.org\/{rel}","templated":true}]}}