{"id":3258,"date":"2020-01-31T13:18:41","date_gmt":"2020-01-31T12:18:41","guid":{"rendered":"https:\/\/www.bedandbreakfastsauerland.com\/datenschutz-cookie-richtlinie\/"},"modified":"2024-04-04T11:18:48","modified_gmt":"2024-04-04T09:18:48","slug":"datenschutz-cookie-richtlinie","status":"publish","type":"page","link":"https:\/\/www.bedandbreakfastsauerland.com\/de\/datenschutz-cookie-richtlinie\/","title":{"rendered":"Datenschutz &#038; Cookie-Richtlinie"},"content":{"rendered":"<div id='av_section_1'  class='avia-section av-91ks9-11d1f68cf2327f2864f131d335d5c65f main_color avia-section-default avia-no-border-styling  avia-builder-el-0  avia-builder-el-no-sibling  avia-bg-style-scroll container_wrap sidebar_right'  ><div class='container av-section-cont-open' ><main  role=\"main\" itemprop=\"mainContentOfPage\"  class='template-page content  av-content-small alpha units'><div class='post-entry post-entry-type-page post-entry-3258'><div class='entry-content-wrapper clearfix'>\n\n<style type=\"text\/css\" data-created_by=\"avia_inline_auto\" id=\"style-css-av-khbuhk16-396a8be0895f2e4a242867066a233da7\">\n.flex_column.av-khbuhk16-396a8be0895f2e4a242867066a233da7{\nborder-radius:0px 0px 0px 0px;\npadding:0px 0px 0px 0px;\n}\n<\/style>\n<div  class='flex_column av-khbuhk16-396a8be0895f2e4a242867066a233da7 av_one_fifth  avia-builder-el-1  el_before_av_three_fifth  avia-builder-el-first  first flex_column_div av-hide-on-mobile av-zero-column-padding  '     ><\/div>\n<style type=\"text\/css\" data-created_by=\"avia_inline_auto\" id=\"style-css-av-25tmq-2594d380fb7c077ae039eb149e1febeb\">\n.flex_column.av-25tmq-2594d380fb7c077ae039eb149e1febeb{\nborder-radius:0px 0px 0px 0px;\npadding:0px 0px 0px 0px;\n}\n<\/style>\n<div  class='flex_column av-25tmq-2594d380fb7c077ae039eb149e1febeb av_three_fifth  avia-builder-el-2  el_after_av_one_fifth  el_before_av_one_fifth  flex_column_div av-zero-column-padding  '     ><p>\n<style type=\"text\/css\" data-created_by=\"avia_inline_auto\" id=\"style-css-av-757d5-b9df27821193a31c0521a62abd56f8e3\">\n#top .av-special-heading.av-757d5-b9df27821193a31c0521a62abd56f8e3{\npadding-bottom:30px;\n}\nbody .av-special-heading.av-757d5-b9df27821193a31c0521a62abd56f8e3 .av-special-heading-tag .heading-char{\nfont-size:25px;\n}\n.av-special-heading.av-757d5-b9df27821193a31c0521a62abd56f8e3 .av-subheading{\nfont-size:15px;\n}\n<\/style>\n<div  class='av-special-heading av-757d5-b9df27821193a31c0521a62abd56f8e3 av-special-heading-h1 blockquote modern-quote  avia-builder-el-3  el_before_av_textblock  avia-builder-el-first  av-linked-heading'><h1 class='av-special-heading-tag'  itemprop=\"headline\"  >Datenschutz <span class='special_amp'>&amp;<\/span> Cookie-Richtlinie<\/h1><div class=\"special-heading-border\"><div class=\"special-heading-inner-border\"><\/div><\/div><\/div><br \/>\n<section  class='av_textblock_section av-s8ty-3add2adb54acd051a530509b04518bdc '   itemscope=\"itemscope\" itemtype=\"https:\/\/schema.org\/CreativeWork\" ><div class='avia_textblock'  itemprop=\"text\" ><h3>So erreichen Sie uns<\/h3>\n<p>Wir freuen uns \u00fcber Ihre Meinung zu unserer Website und unseren Datenschutzbestimmungen. Wenn Sie mit Fragen oder Kommentaren Kontakt mit uns aufnehmen m\u00f6chten, senden Sie eine E-Mail an info@bedandbreakfastsauerland.com. Sie k\u00f6nnen Details zu personenbezogenen Daten anfordern, die wir gem\u00e4\u00df der Allgemeinen Datenschutzverordnung, die ab dem 26. Mai 2019 gilt, \u00fcber Sie gespeichert haben. Wenn Sie eine Kopie der Informationen \u00fcber Sie w\u00fcnschen oder Fragen zu diesem Datenschutz haben Richtlinien oder wie wir die pers\u00f6nlichen Informationen verwenden, die wir \u00fcber Sie haben, schreiben Sie an: Isidorus Bed &amp; Breakfast, Kustelbergerstr. 5, 59955 Winterberg &#8211; Gr\u00f6nebach, Deutschland. Weitere Informationen zu Ihren Rechten finden Sie auf der Website der niederl\u00e4ndischen Datenschutzbeh\u00f6rde: https:\/\/autoriteit.nl\/nl\/onderwerpen\/avg-nieuwe-europese-privacywetgeving\/general-information-avg oder lesen Sie mehr \u00fcber den europ\u00e4ischen Beamten Rechtsvorschriften zu: https:\/\/ec.europa.eu\/info\/law\/law-topic\/data-protection\/data-protection-eu_en.<\/p>\n<p>Ab diesem Zeitpunkt wird Boarncruiser im Text als \u201ewir\u201c, \u201euns\u201c oder \u201eunsere Website\u201c bezeichnet.<\/p>\n<h3>Welche Informationen sammeln wir?<br \/>\nIhre Online-Sitzung bei uns<\/h3>\n<p>1. Informationen zu Ihrem Computer<br \/>\n2. \u00fcber Ihren Besuch und Ihre Nutzung dieser Website (dies betrifft Informationen \u00fcber Ihren Browser, Ihre IP-Adresse, die Website, von der Sie gekommen sind, und die Links, die beim Verlassen unserer Website verwendet wurden). Diese Informationen werden auch \u00fcber Cookies gesammelt.<\/p>\n<p>Standortinformationen<\/p>\n<p>3. Ihr allgemeiner Standort wird anhand Ihrer IP-Adresse ermittelt und von Ihrem Browser bereitgestellt.<\/p>\n<p>Pers\u00f6nliche Informationen<\/p>\n<p>4. Wenn Sie freiwillig Informationen in Kontaktformularen angeben, eine Frage stellen oder sich f\u00fcr den Newsletter registrieren, teilen Sie uns Ihre pers\u00f6nlichen Daten mit. Dies umfasst Ihren Namen, Ihre E-Mail-Adresse und alle anderen Informationen, die Sie anfordern und die Sie bereitstellen.<\/p>\n<p>5. Wenn Sie auf unserer Website Aktivit\u00e4ten ausf\u00fchren (z. B. wenn Sie sich f\u00fcr den Newsletter anmelden), erfassen wir Ihren Namen, Ihre Kontaktdaten und andere Informationen, indem wir unsere Formulare ausf\u00fcllen und werden durch den Besuch unserer Website an uns weitergeleitet.\u00a0<strong>Aus Formularen gesammelte Informationen werden niemals an Dritte weitergegeben.<\/strong><\/p>\n<p>Finanzielle Informationen<\/p>\n<p>6. Wir fordern keine Finanzinformationen an oder sammeln diese nicht. Wenn Sie jedoch das Kontaktformular ausf\u00fcllen und diese Daten \u00fcbermitteln, werden diese Daten zu keinem Zweck verwendet. Diese Daten werden als sehr privat betrachtet und unter keinen Umst\u00e4nden von uns weitergegeben. Wir bitten Sie daher, diese Daten nicht \u00fcber die Website zu \u00fcbermitteln.<\/p>\n<p>Wie werden die Informationen verwendet?<\/p>\n<p>Wir verwenden diese Informationen, um Ihre Bed\u00fcrfnisse zu verstehen und Ihnen einen besseren Service zu bieten, insbesondere aus folgenden Gr\u00fcnden:<\/p>\n<p>1. Zu statistischen Zwecken und zur Analyse zu Verwaltungszwecken, um die Website zu verwalten oder unsere Produkte und Dienstleistungen zu verbessern.<\/p>\n<p>2. Bereitstellung von Diensten, die Sie \u00fcber die Website erhalten, und Abwicklung Ihrer Zahlungen.<\/p>\n<p>3. Interne Archivierungs- und Verwaltungszwecke und um Sie \u00fcber unsere Veranstaltungen, Dienstleistungen oder Produkte oder andere verwandte Informationen zu informieren, von denen wir glauben, dass sie f\u00fcr Sie von Interesse sind, wie oben erl\u00e4utert.<\/p>\n<p>4. Um Marketingbotschaften, Newsletter und Details unseres Unternehmens oder der Unternehmen sorgf\u00e4ltig ausgew\u00e4hlter Dritter, von denen wir glauben, dass sie Sie interessieren k\u00f6nnten, per Post, E \u2013 Mail oder einer \u00e4hnlichen Technologie zu \u00fcbermitteln (Sie k\u00f6nnen uns jederzeit informieren, wenn Sie ben\u00f6tigen keine Marketingkommunikation mehr.<\/p>\n<p>5. Von Zeit zu Zeit f\u00fchren wir Marktforschungen anhand der verf\u00fcgbaren Informationen durch oder verbessern unsere Website, um Ihren Bed\u00fcrfnissen besser gerecht zu werden.<\/p>\n<h3>Weitergabe gesammelter Informationen und Aufforderung zur L\u00f6schung Ihrer Daten<\/h3>\n<p>Ihre Daten werden ohne Ihre ausdr\u00fcckliche Zustimmung nicht an Dritte weitergegeben. Sie k\u00f6nnen uns jederzeit bitten, Ihnen keine Mitteilungen zu Veranstaltungen oder zur Mitgliedschaft zu senden, indem Sie uns eine E-Mail mit den Worten REGISTRIEREN in der Box senden oder uns telefonisch kontaktieren. Wenn Sie eine E-Mail von uns erhalten, haben Sie in diesen Nachrichten auch die M\u00f6glichkeit, den Empfang weiterer Informationen dieses Typs von uns zu verweigern.<\/p>\n<p>Wenn Sie m\u00f6chten, dass wir Informationen \u00fcber Sie vernichten, teilen Sie uns dies bitte mit. Beachten Sie jedoch, dass Sie beim L\u00f6schen unserer Aufzeichnungen m\u00f6glicherweise erneut Daten \u00fcbermitteln m\u00fcssen, um diese Dienste weiterhin nutzen zu k\u00f6nnen, wenn Sie einen unserer Dienste nutzen, f\u00fcr den Sie personenbezogene Daten bereitstellen m\u00fcssen.<\/p>\n<p>Wir k\u00f6nnen Statistiken \u00fcber unsere Website-Besucher, Kunden und Antragsteller ver\u00f6ffentlichen, um zuk\u00fcnftige Partner, Werbetreibende und andere seri\u00f6se Dritte \u00fcber unsere Dienstleistungen zu informieren. Diese Statistiken enthalten jedoch keine pers\u00f6nlich identifizierbaren Informationen in irgendeiner Form.<\/p>\n<h3>Cookies und Protokolldateien<\/h3>\n<p>Cookies<\/p>\n<p>Cookies sind Textdateien, die auf Ihrem Computer gespeichert werden und auf die nur die Websites zugreifen k\u00f6nnen, die sie erstellen. Unsere Website kann von Zeit zu Zeit Cookies und Protokolldateien f\u00fcr statistische Analysen verwenden, um das Benutzerverhalten zu verstehen, die Website zu verwalten, die Informationen, die einem Benutzer angezeigt werden, basierend auf deren Pr\u00e4ferenzen anzupassen und um das Benutzererlebnis verbessern. Alle durch die Verwendung von Cookies gesammelten Informationen werden auf aggregierter, anonymer Basis gesammelt.<\/p>\n<p>Die meisten Webbrowser akzeptieren Cookies automatisch. Sie k\u00f6nnen Cookies jedoch l\u00f6schen oder deaktivieren, indem Sie den Anweisungen unter\u00a0http:\/\/www.allaboutcookies.org\/manage-cookies\/\u00a0folgen. Beachten Sie, dass Sie eine Website m\u00f6glicherweise nicht vollst\u00e4ndig nutzen k\u00f6nnen, wenn Sie Cookies deaktivieren. Unsere Website verwendet Cookies, um Sie eingeloggt zu halten. Das Deaktivieren von Cookies kann Ihre Erfahrung mit dem Dienst beeintr\u00e4chtigen. Weitere Informationen zu Cookies finden Sie auf der Website\u00a0www.allaboutcookies.org\u00a0des Interactive Advertising Bureau.<\/p>\n<p>1. Unbedingt notwendige Cookies<\/p>\n<p>Dies sind Cookies, die f\u00fcr das Funktionieren der Website erforderlich sind. Unsere Website wird ohne diese funktionalen Cookies nicht optimal funktionieren. Nach dem Cookie-Gesetz ist f\u00fcr diese Kategorie von Cookies keine Erlaubnis erforderlich.<\/p>\n<p>2. Analytics-Cookies<br \/>\nUnsere Website arbeitet mit Statistik-Tools und verwendet diese Analyse-Cookies, damit wir messen k\u00f6nnen, woher unsere Besucher kommen, welches Betriebssystem sie verwenden, wie viele Personen bestimmte Artikel lesen usw. Diese Informationen sind f\u00fcr uns von gro\u00dfer Bedeutung. Auf Basis dieser Messdaten k\u00f6nnen wir die Website optimieren und benutzerfreundlicher gestalten. Unsere Website verwendet Cookies der folgenden Tools zur Analyse, Messung und Optimierung: Google Analytics und Google Tag Manager.<\/p>\n<p>3. Werbe-Cookies<br \/>\nWenn auf Websites Werbung, Werbeinhalte usw. verwendet werden, wird in einigen F\u00e4llen ein Web-Beacon platziert, das protokolliert, wie oft die Werbeinhalte angezeigt wurden. Wir versichern Ihnen, dass diese Beacons niemals datenschutzrelevante Informationen sammeln. Unsere Website nutzt solche Dienste derzeit nicht.<\/p>\n<p>Videos<\/p>\n<p>Auf unserer Website k\u00f6nnen Videos verwendet werden, die bei Dritten wie YouTube oder einem anderen Online-Videopartner platziert wurden. Diese Parteien verwenden Cookies, um den korrekten Betrieb dieser Videos zu erm\u00f6glichen. Wir haben keinen Einfluss auf die m\u00f6gliche Verwendung von Marketing-Cookies durch diese Parteien, wenn ein Video abgespielt wird. Durch den Besuch unserer Website erkl\u00e4ren Sie sich damit einverstanden.<\/p>\n<p>Soziale Medien<\/p>\n<p>Wenn Sie unsere Inhalte \u00fcber soziale Medien teilen, beispielsweise indem Sie uns auf Facebook, LinkedIn oder Twitter folgen oder uns auf YouTube folgen, werden diese sozialen Netzwerke aufzeichnen, dass Sie dies getan haben, und ein Cookie daf\u00fcr setzen. Zweck und in Zukunft m\u00f6glicherweise Verkn\u00fcpfung mit unseren markenbezogenen Botschaften. In einigen F\u00e4llen, wenn eine Seite unserer Website Inhalte aus einem sozialen Netzwerk enth\u00e4lt, z. B. einen Twitter-Feed oder ein Facebook-Kommentarfenster, platzieren diese Dienste m\u00f6glicherweise ein Cookie, auch wenn Sie nicht auf eine Schaltfl\u00e4che klicken. Wie bei allen Cookies haben wir keinen Zugriff auf von sozialen Netzwerken gesetzte Cookies, ebenso wie diese sozialen Netzwerke keinen Zugriff auf von uns gesetzte Cookies haben. Wir verwenden keine aktiven Social-Media-Cookies von Drittanbietern auf unserer Website.<\/p>\n<p>Protokolldateien<\/p>\n<p>Unsere Systeme erfassen automatisch anonyme Informationen \u00fcber Besucher, einschlie\u00dflich IP-Adressen, Browsertyp, Sprache sowie Zeitpunkt und Datum der Website-Besuche. Die erhobenen Daten enthalten keine personenbezogenen Daten und werden, wie oben beschrieben, zur statistischen Analyse, zum Verst\u00e4ndnis des Nutzerverhaltens und zur Verwaltung der Website verwendet.<\/p>\n<p>Google Analytics<\/p>\n<p>Unsere Website benutzt Google Analytics, einen Webanalysedienst der Google Inc. (\u201eGoogle\u201c). Die durch den Cookie erzeugten Informationen \u00fcber Ihre Benutzung unserer Website (einschlie\u00dflich Ihrer IP-Adresse) werden an einen Server von Google in den USA \u00fcbertragen und dort gespeichert. Google wird diese Informationen benutzen, um Ihre Nutzung der Website auszuwerten, um Reports \u00fcber die Websiteaktivit\u00e4ten f\u00fcr die Websitebetreiber zusammenzustellen und um weitere mit der Websitenutzung und der Internetnutzung verbundene Dienstleistungen zu erbringen. Auch wird Google diese Informationen gegebenenfalls an Dritte \u00fcbertragen, sofern dies gesetzlich vorgeschrieben oder soweit Dritte diese Daten im Auftrag von Google verarbeiten. Google wird in keinem Fall Ihre IP-Adresse mit anderen Daten von Google in Verbindung bringen. Weitere Informationen zu den Datenschutzbestimmungen von Google finden Sie unter\u00a0http:\/\/www.google.com\/privacy.html.<\/p>\n<h3>Formen<\/h3>\n<p>Auf unserer Website haben Nutzer die M\u00f6glichkeit, sich f\u00fcr den Newsletter anzumelden oder sich direkt an sie zu wenden. Um dies zu erm\u00f6glichen, werden auf unserer Website Formulare verwendet, in die personenbezogene Daten eingegeben werden m\u00fcssen. Diese Daten werden in einer sicheren CMS-Datenbank gespeichert, die von unserem externen Web-Partner Van der Let &amp; Partners gehostet wird. Diese Informationen werden unter keinen Umst\u00e4nden au\u00dferhalb unserer Website oder unseres Webpartners weitergegeben. In allen Online-Formularen unserer Website haben Nutzer die M\u00f6glichkeit, ausdr\u00fccklich zu gestatten, ihre Daten an uns und unseren Web-Partner weiterzugeben oder dies zu unterlassen.<\/p>\n<h3>Sicherheit<\/h3>\n<p>Das Internet ist kein sicheres Medium. Wir treffen jedoch angemessene technische und organisatorische Vorkehrungen, um den Verlust, den Missbrauch oder die \u00c4nderung Ihrer pers\u00f6nlichen Daten zu verhindern. Wir haben verschiedene Sicherheitsverfahren festgelegt, die in dieser Richtlinie festgelegt sind. Beispielsweise wird unsere Sicherheits- und Datenschutzrichtlinie regelm\u00e4\u00dfig \u00fcberpr\u00fcft und gegebenenfalls erweitert, und nur autorisiertes Personal hat Zugriff auf Benutzerinformationen. Wir verwenden SSL (Secure Server Software), um Besucherdaten und pers\u00f6nliche \/ finanzielle Informationen zu verschl\u00fcsseln, die Sie eingeben, bevor sie an uns gesendet werden, und unsere Datenbank wird in einem sicheren Rechenzentrum gehostet. Obwohl wir nicht garantieren k\u00f6nnen, dass es nicht zu Verlust, Missbrauch oder \u00c4nderung von Daten kommt, tun wir alles, um dies zu verhindern.<\/p>\n<h3>\u00c4nderungen<\/h3>\n<p>Wir k\u00f6nnen von Zeit zu Zeit \u00c4nderungen an dieser Datenschutzrichtlinie vornehmen. Wenn wir unsere Datenschutzrichtlinie \u00e4ndern, werden wir die \u00c4nderungen auf dieser Seite ver\u00f6ffentlichen. Wenn sich die \u00c4nderung unserer Datenschutzbestimmungen auf die Verwendung Ihrer pers\u00f6nlichen Daten auswirkt, werden wir unser Bestes tun, um Sie per E-Mail zu kontaktieren und um Erlaubnis zur Verwendung zu bitten. Die fortgesetzte Nutzung des Dienstes bedeutet, dass Sie solchen \u00c4nderungen zustimmen.<\/p>\n<h3>Ihre Zustimmung zu dieser Datenschutzerkl\u00e4rung<\/h3>\n<p>Wenn Sie mit dieser Datenschutzrichtlinie nicht einverstanden sind, verwenden Sie bitte unsere Website nicht. Durch die Nutzung unserer Website stimmen Sie der Erfassung und Verwendung von Informationen durch uns zu. Aufgrund des globalen Charakters der Internetinfrastruktur k\u00f6nnen die von Ihnen bereitgestellten Informationen w\u00e4hrend des Transits in L\u00e4nder au\u00dferhalb des Europ\u00e4ischen Wirtschaftsraums \u00fcbertragen werden, die hinsichtlich Ihrer Daten und ihrer Verwendung keinen vergleichbaren Schutz bieten, wie in dieser Richtlinie festgelegt. Wir haben jedoch die oben genannten Schritte unternommen, um die Sicherheit Ihrer Daten zu verbessern. Durch die \u00dcbermittlung Ihrer Daten stimmen Sie diesen \u00dcbertragungen zu.<\/p>\n<\/div><\/section><\/p><\/div>\n<style type=\"text\/css\" data-created_by=\"avia_inline_auto\" id=\"style-css-av-khbuhk16-1-beacfa76332fdf4e73f3e8e3ff5043aa\">\n.flex_column.av-khbuhk16-1-beacfa76332fdf4e73f3e8e3ff5043aa{\nborder-radius:0px 0px 0px 0px;\npadding:0px 0px 0px 0px;\n}\n<\/style>\n<div  class='flex_column av-khbuhk16-1-beacfa76332fdf4e73f3e8e3ff5043aa av_one_fifth  avia-builder-el-5  el_after_av_three_fifth  avia-builder-el-last  flex_column_div av-hide-on-mobile av-zero-column-padding  '     ><\/div>\n<\/div><\/div><\/main><!-- close content main element --><\/div><\/div><div id='after_section_1'  class='main_color av_default_container_wrap container_wrap sidebar_right'  ><div class='container av-section-cont-open' ><div class='template-page content  av-content-small alpha units'><div class='post-entry post-entry-type-page post-entry-3258'><div class='entry-content-wrapper clearfix'>\n","protected":false},"excerpt":{"rendered":"","protected":false},"author":1,"featured_media":0,"parent":0,"menu_order":1000,"comment_status":"closed","ping_status":"closed","template":"","meta":{"_acf_changed":false,"footnotes":""},"class_list":["post-3258","page","type-page","status-publish","hentry"],"acf":[],"_links":{"self":[{"href":"https:\/\/www.bedandbreakfastsauerland.com\/de\/wp-json\/wp\/v2\/pages\/3258","targetHints":{"allow":["GET"]}}],"collection":[{"href":"https:\/\/www.bedandbreakfastsauerland.com\/de\/wp-json\/wp\/v2\/pages"}],"about":[{"href":"https:\/\/www.bedandbreakfastsauerland.com\/de\/wp-json\/wp\/v2\/types\/page"}],"author":[{"embeddable":true,"href":"https:\/\/www.bedandbreakfastsauerland.com\/de\/wp-json\/wp\/v2\/users\/1"}],"replies":[{"embeddable":true,"href":"https:\/\/www.bedandbreakfastsauerland.com\/de\/wp-json\/wp\/v2\/comments?post=3258"}],"version-history":[{"count":0,"href":"https:\/\/www.bedandbreakfastsauerland.com\/de\/wp-json\/wp\/v2\/pages\/3258\/revisions"}],"wp:attachment":[{"href":"https:\/\/www.bedandbreakfastsauerland.com\/de\/wp-json\/wp\/v2\/media?parent=3258"}],"curies":[{"name":"wp","href":"https:\/\/api.w.org\/{rel}","templated":true}]}}